{"id":758,"date":"2024-01-18T15:58:43","date_gmt":"2024-01-18T18:58:43","guid":{"rendered":"https:\/\/tropicalmoveisgyn.com.br\/?post_type=product&#038;p=758"},"modified":"2024-01-18T15:58:43","modified_gmt":"2024-01-18T18:58:43","slug":"panela-de-pressao-eletrica-6-l-digital-inox-midea-nova-de-otlet-1-ano-de-garantia","status":"publish","type":"product","link":"https:\/\/tropicalmoveisgyn.com.br\/index.php\/product\/panela-de-pressao-eletrica-6-l-digital-inox-midea-nova-de-otlet-1-ano-de-garantia\/","title":{"rendered":"Panela de Press\u00e3o El\u00e9trica 6 L Digital Inox Midea (Nova de Otlet) 1 Ano De Garantia"},"content":{"rendered":"<p>A Panela de Press\u00e3o El\u00e9trica Digital Midea 6L alia praticidade e conforto ao dia a dia dos consumidores. Com capacidade de 6L, 9 dispositivos de seguran\u00e7a e desligamento autom\u00e1tico ela \u00e9 perfeita para todas as receitas e sempre com m\u00e1xima seguran\u00e7a. <\/p>\n","protected":false},"excerpt":{"rendered":"<p>A Panela de Press\u00e3o El\u00e9trica Digital Midea 6L alia praticidade e conforto ao dia a dia dos consumidores. Com capacidade de 6L, 9 dispositivos de seguran\u00e7a e desligamento autom\u00e1tico ela \u00e9 perfeita para todas as receitas e sempre com m\u00e1xima seguran\u00e7a.<\/p>\n","protected":false},"featured_media":759,"comment_status":"open","ping_status":"closed","template":"","meta":{"_joinchat":[]},"product_brand":[],"product_cat":[25],"product_tag":[],"class_list":{"0":"post-758","1":"product","2":"type-product","3":"status-publish","4":"has-post-thumbnail","6":"product_cat-eletro-portateis","8":"first","9":"instock","10":"shipping-taxable","11":"purchasable","12":"product-type-simple"},"yoast_head":"<!-- This site is optimized with the Yoast SEO plugin v27.3 - https:\/\/yoast.com\/product\/yoast-seo-wordpress\/ -->\n<title>Panela de Press\u00e3o El\u00e9trica 6 L Digital Inox Midea (Nova de Otlet) 1 Ano De Garantia - Tropical Moveis<\/title>\n<meta name=\"robots\" content=\"index, follow, max-snippet:-1, max-image-preview:large, max-video-preview:-1\" \/>\n<link rel=\"canonical\" href=\"https:\/\/tropicalmoveisgyn.com.br\/index.php\/product\/panela-de-pressao-eletrica-6-l-digital-inox-midea-nova-de-otlet-1-ano-de-garantia\/\" \/>\n<meta property=\"og:locale\" content=\"pt_BR\" \/>\n<meta property=\"og:type\" content=\"article\" \/>\n<meta property=\"og:title\" content=\"Panela de Press\u00e3o El\u00e9trica 6 L Digital Inox Midea (Nova de Otlet) 1 Ano De Garantia - Tropical Moveis\" \/>\n<meta property=\"og:description\" content=\"A Panela de Press\u00e3o El\u00e9trica Digital Midea 6L alia praticidade e conforto ao dia a dia dos consumidores. Com capacidade de 6L, 9 dispositivos de seguran\u00e7a e desligamento autom\u00e1tico ela \u00e9 perfeita para todas as receitas e sempre com m\u00e1xima seguran\u00e7a.\" \/>\n<meta property=\"og:url\" content=\"https:\/\/tropicalmoveisgyn.com.br\/index.php\/product\/panela-de-pressao-eletrica-6-l-digital-inox-midea-nova-de-otlet-1-ano-de-garantia\/\" \/>\n<meta property=\"og:site_name\" content=\"Tropical Moveis\" \/>\n<meta property=\"og:image\" content=\"https:\/\/tropicalmoveisgyn.com.br\/wp-content\/uploads\/2024\/01\/IMG_3470-scaled.jpeg\" \/>\n\t<meta property=\"og:image:width\" content=\"1920\" \/>\n\t<meta property=\"og:image:height\" content=\"2560\" \/>\n\t<meta property=\"og:image:type\" content=\"image\/jpeg\" \/>\n<meta name=\"twitter:card\" content=\"summary_large_image\" \/>\n<script type=\"application\/ld+json\" class=\"yoast-schema-graph\">{\"@context\":\"https:\\\/\\\/schema.org\",\"@graph\":[{\"@type\":\"WebPage\",\"@id\":\"https:\\\/\\\/tropicalmoveisgyn.com.br\\\/index.php\\\/product\\\/panela-de-pressao-eletrica-6-l-digital-inox-midea-nova-de-otlet-1-ano-de-garantia\\\/\",\"url\":\"https:\\\/\\\/tropicalmoveisgyn.com.br\\\/index.php\\\/product\\\/panela-de-pressao-eletrica-6-l-digital-inox-midea-nova-de-otlet-1-ano-de-garantia\\\/\",\"name\":\"Panela de Press\u00e3o El\u00e9trica 6 L Digital Inox Midea (Nova de Otlet) 1 Ano De Garantia - Tropical Moveis\",\"isPartOf\":{\"@id\":\"https:\\\/\\\/tropicalmoveisgyn.com.br\\\/#website\"},\"primaryImageOfPage\":{\"@id\":\"https:\\\/\\\/tropicalmoveisgyn.com.br\\\/index.php\\\/product\\\/panela-de-pressao-eletrica-6-l-digital-inox-midea-nova-de-otlet-1-ano-de-garantia\\\/#primaryimage\"},\"image\":{\"@id\":\"https:\\\/\\\/tropicalmoveisgyn.com.br\\\/index.php\\\/product\\\/panela-de-pressao-eletrica-6-l-digital-inox-midea-nova-de-otlet-1-ano-de-garantia\\\/#primaryimage\"},\"thumbnailUrl\":\"https:\\\/\\\/tropicalmoveisgyn.com.br\\\/wp-content\\\/uploads\\\/2024\\\/01\\\/IMG_3470-scaled.jpeg\",\"datePublished\":\"2024-01-18T18:58:43+00:00\",\"breadcrumb\":{\"@id\":\"https:\\\/\\\/tropicalmoveisgyn.com.br\\\/index.php\\\/product\\\/panela-de-pressao-eletrica-6-l-digital-inox-midea-nova-de-otlet-1-ano-de-garantia\\\/#breadcrumb\"},\"inLanguage\":\"pt-BR\",\"potentialAction\":[{\"@type\":\"ReadAction\",\"target\":[\"https:\\\/\\\/tropicalmoveisgyn.com.br\\\/index.php\\\/product\\\/panela-de-pressao-eletrica-6-l-digital-inox-midea-nova-de-otlet-1-ano-de-garantia\\\/\"]}]},{\"@type\":\"ImageObject\",\"inLanguage\":\"pt-BR\",\"@id\":\"https:\\\/\\\/tropicalmoveisgyn.com.br\\\/index.php\\\/product\\\/panela-de-pressao-eletrica-6-l-digital-inox-midea-nova-de-otlet-1-ano-de-garantia\\\/#primaryimage\",\"url\":\"https:\\\/\\\/tropicalmoveisgyn.com.br\\\/wp-content\\\/uploads\\\/2024\\\/01\\\/IMG_3470-scaled.jpeg\",\"contentUrl\":\"https:\\\/\\\/tropicalmoveisgyn.com.br\\\/wp-content\\\/uploads\\\/2024\\\/01\\\/IMG_3470-scaled.jpeg\",\"width\":1920,\"height\":2560},{\"@type\":\"BreadcrumbList\",\"@id\":\"https:\\\/\\\/tropicalmoveisgyn.com.br\\\/index.php\\\/product\\\/panela-de-pressao-eletrica-6-l-digital-inox-midea-nova-de-otlet-1-ano-de-garantia\\\/#breadcrumb\",\"itemListElement\":[{\"@type\":\"ListItem\",\"position\":1,\"name\":\"In\u00edcio\",\"item\":\"https:\\\/\\\/tropicalmoveisgyn.com.br\\\/\"},{\"@type\":\"ListItem\",\"position\":2,\"name\":\"Shop\",\"item\":\"https:\\\/\\\/tropicalmoveisgyn.com.br\\\/index.php\\\/shop\\\/\"},{\"@type\":\"ListItem\",\"position\":3,\"name\":\"Panela de Press\u00e3o El\u00e9trica 6 L Digital Inox Midea (Nova de Otlet) 1 Ano De Garantia\"}]},{\"@type\":\"WebSite\",\"@id\":\"https:\\\/\\\/tropicalmoveisgyn.com.br\\\/#website\",\"url\":\"https:\\\/\\\/tropicalmoveisgyn.com.br\\\/\",\"name\":\"Tropical Moveis\",\"description\":\"\",\"publisher\":{\"@id\":\"https:\\\/\\\/tropicalmoveisgyn.com.br\\\/#organization\"},\"potentialAction\":[{\"@type\":\"SearchAction\",\"target\":{\"@type\":\"EntryPoint\",\"urlTemplate\":\"https:\\\/\\\/tropicalmoveisgyn.com.br\\\/?s={search_term_string}\"},\"query-input\":{\"@type\":\"PropertyValueSpecification\",\"valueRequired\":true,\"valueName\":\"search_term_string\"}}],\"inLanguage\":\"pt-BR\"},{\"@type\":\"Organization\",\"@id\":\"https:\\\/\\\/tropicalmoveisgyn.com.br\\\/#organization\",\"name\":\"Tropical Moveis\",\"url\":\"https:\\\/\\\/tropicalmoveisgyn.com.br\\\/\",\"logo\":{\"@type\":\"ImageObject\",\"inLanguage\":\"pt-BR\",\"@id\":\"https:\\\/\\\/tropicalmoveisgyn.com.br\\\/#\\\/schema\\\/logo\\\/image\\\/\",\"url\":\"http:\\\/\\\/tropicalmoveisgyn.com.br\\\/wp-content\\\/uploads\\\/2026\\\/03\\\/cropped-WhatsApp-Image-2026-03-23-at-17.02.58.jpeg\",\"contentUrl\":\"http:\\\/\\\/tropicalmoveisgyn.com.br\\\/wp-content\\\/uploads\\\/2026\\\/03\\\/cropped-WhatsApp-Image-2026-03-23-at-17.02.58.jpeg\",\"width\":512,\"height\":512,\"caption\":\"Tropical Moveis\"},\"image\":{\"@id\":\"https:\\\/\\\/tropicalmoveisgyn.com.br\\\/#\\\/schema\\\/logo\\\/image\\\/\"}}]}<\/script>\n<!-- \/ Yoast SEO plugin. -->","yoast_head_json":{"title":"Panela de Press\u00e3o El\u00e9trica 6 L Digital Inox Midea (Nova de Otlet) 1 Ano De Garantia - Tropical Moveis","robots":{"index":"index","follow":"follow","max-snippet":"max-snippet:-1","max-image-preview":"max-image-preview:large","max-video-preview":"max-video-preview:-1"},"canonical":"https:\/\/tropicalmoveisgyn.com.br\/index.php\/product\/panela-de-pressao-eletrica-6-l-digital-inox-midea-nova-de-otlet-1-ano-de-garantia\/","og_locale":"pt_BR","og_type":"article","og_title":"Panela de Press\u00e3o El\u00e9trica 6 L Digital Inox Midea (Nova de Otlet) 1 Ano De Garantia - Tropical Moveis","og_description":"A Panela de Press\u00e3o El\u00e9trica Digital Midea 6L alia praticidade e conforto ao dia a dia dos consumidores. Com capacidade de 6L, 9 dispositivos de seguran\u00e7a e desligamento autom\u00e1tico ela \u00e9 perfeita para todas as receitas e sempre com m\u00e1xima seguran\u00e7a.","og_url":"https:\/\/tropicalmoveisgyn.com.br\/index.php\/product\/panela-de-pressao-eletrica-6-l-digital-inox-midea-nova-de-otlet-1-ano-de-garantia\/","og_site_name":"Tropical Moveis","og_image":[{"width":1920,"height":2560,"url":"https:\/\/tropicalmoveisgyn.com.br\/wp-content\/uploads\/2024\/01\/IMG_3470-scaled.jpeg","type":"image\/jpeg"}],"twitter_card":"summary_large_image","schema":{"@context":"https:\/\/schema.org","@graph":[{"@type":"WebPage","@id":"https:\/\/tropicalmoveisgyn.com.br\/index.php\/product\/panela-de-pressao-eletrica-6-l-digital-inox-midea-nova-de-otlet-1-ano-de-garantia\/","url":"https:\/\/tropicalmoveisgyn.com.br\/index.php\/product\/panela-de-pressao-eletrica-6-l-digital-inox-midea-nova-de-otlet-1-ano-de-garantia\/","name":"Panela de Press\u00e3o El\u00e9trica 6 L Digital Inox Midea (Nova de Otlet) 1 Ano De Garantia - Tropical Moveis","isPartOf":{"@id":"https:\/\/tropicalmoveisgyn.com.br\/#website"},"primaryImageOfPage":{"@id":"https:\/\/tropicalmoveisgyn.com.br\/index.php\/product\/panela-de-pressao-eletrica-6-l-digital-inox-midea-nova-de-otlet-1-ano-de-garantia\/#primaryimage"},"image":{"@id":"https:\/\/tropicalmoveisgyn.com.br\/index.php\/product\/panela-de-pressao-eletrica-6-l-digital-inox-midea-nova-de-otlet-1-ano-de-garantia\/#primaryimage"},"thumbnailUrl":"https:\/\/tropicalmoveisgyn.com.br\/wp-content\/uploads\/2024\/01\/IMG_3470-scaled.jpeg","datePublished":"2024-01-18T18:58:43+00:00","breadcrumb":{"@id":"https:\/\/tropicalmoveisgyn.com.br\/index.php\/product\/panela-de-pressao-eletrica-6-l-digital-inox-midea-nova-de-otlet-1-ano-de-garantia\/#breadcrumb"},"inLanguage":"pt-BR","potentialAction":[{"@type":"ReadAction","target":["https:\/\/tropicalmoveisgyn.com.br\/index.php\/product\/panela-de-pressao-eletrica-6-l-digital-inox-midea-nova-de-otlet-1-ano-de-garantia\/"]}]},{"@type":"ImageObject","inLanguage":"pt-BR","@id":"https:\/\/tropicalmoveisgyn.com.br\/index.php\/product\/panela-de-pressao-eletrica-6-l-digital-inox-midea-nova-de-otlet-1-ano-de-garantia\/#primaryimage","url":"https:\/\/tropicalmoveisgyn.com.br\/wp-content\/uploads\/2024\/01\/IMG_3470-scaled.jpeg","contentUrl":"https:\/\/tropicalmoveisgyn.com.br\/wp-content\/uploads\/2024\/01\/IMG_3470-scaled.jpeg","width":1920,"height":2560},{"@type":"BreadcrumbList","@id":"https:\/\/tropicalmoveisgyn.com.br\/index.php\/product\/panela-de-pressao-eletrica-6-l-digital-inox-midea-nova-de-otlet-1-ano-de-garantia\/#breadcrumb","itemListElement":[{"@type":"ListItem","position":1,"name":"In\u00edcio","item":"https:\/\/tropicalmoveisgyn.com.br\/"},{"@type":"ListItem","position":2,"name":"Shop","item":"https:\/\/tropicalmoveisgyn.com.br\/index.php\/shop\/"},{"@type":"ListItem","position":3,"name":"Panela de Press\u00e3o El\u00e9trica 6 L Digital Inox Midea (Nova de Otlet) 1 Ano De Garantia"}]},{"@type":"WebSite","@id":"https:\/\/tropicalmoveisgyn.com.br\/#website","url":"https:\/\/tropicalmoveisgyn.com.br\/","name":"Tropical Moveis","description":"","publisher":{"@id":"https:\/\/tropicalmoveisgyn.com.br\/#organization"},"potentialAction":[{"@type":"SearchAction","target":{"@type":"EntryPoint","urlTemplate":"https:\/\/tropicalmoveisgyn.com.br\/?s={search_term_string}"},"query-input":{"@type":"PropertyValueSpecification","valueRequired":true,"valueName":"search_term_string"}}],"inLanguage":"pt-BR"},{"@type":"Organization","@id":"https:\/\/tropicalmoveisgyn.com.br\/#organization","name":"Tropical Moveis","url":"https:\/\/tropicalmoveisgyn.com.br\/","logo":{"@type":"ImageObject","inLanguage":"pt-BR","@id":"https:\/\/tropicalmoveisgyn.com.br\/#\/schema\/logo\/image\/","url":"http:\/\/tropicalmoveisgyn.com.br\/wp-content\/uploads\/2026\/03\/cropped-WhatsApp-Image-2026-03-23-at-17.02.58.jpeg","contentUrl":"http:\/\/tropicalmoveisgyn.com.br\/wp-content\/uploads\/2026\/03\/cropped-WhatsApp-Image-2026-03-23-at-17.02.58.jpeg","width":512,"height":512,"caption":"Tropical Moveis"},"image":{"@id":"https:\/\/tropicalmoveisgyn.com.br\/#\/schema\/logo\/image\/"}}]}},"_links":{"self":[{"href":"https:\/\/tropicalmoveisgyn.com.br\/index.php\/wp-json\/wp\/v2\/product\/758","targetHints":{"allow":["GET"]}}],"collection":[{"href":"https:\/\/tropicalmoveisgyn.com.br\/index.php\/wp-json\/wp\/v2\/product"}],"about":[{"href":"https:\/\/tropicalmoveisgyn.com.br\/index.php\/wp-json\/wp\/v2\/types\/product"}],"replies":[{"embeddable":true,"href":"https:\/\/tropicalmoveisgyn.com.br\/index.php\/wp-json\/wp\/v2\/comments?post=758"}],"wp:featuredmedia":[{"embeddable":true,"href":"https:\/\/tropicalmoveisgyn.com.br\/index.php\/wp-json\/wp\/v2\/media\/759"}],"wp:attachment":[{"href":"https:\/\/tropicalmoveisgyn.com.br\/index.php\/wp-json\/wp\/v2\/media?parent=758"}],"wp:term":[{"taxonomy":"product_brand","embeddable":true,"href":"https:\/\/tropicalmoveisgyn.com.br\/index.php\/wp-json\/wp\/v2\/product_brand?post=758"},{"taxonomy":"product_cat","embeddable":true,"href":"https:\/\/tropicalmoveisgyn.com.br\/index.php\/wp-json\/wp\/v2\/product_cat?post=758"},{"taxonomy":"product_tag","embeddable":true,"href":"https:\/\/tropicalmoveisgyn.com.br\/index.php\/wp-json\/wp\/v2\/product_tag?post=758"}],"curies":[{"name":"wp","href":"https:\/\/api.w.org\/{rel}","templated":true}]}}