{"id":505,"date":"2024-01-08T10:40:09","date_gmt":"2024-01-08T13:40:09","guid":{"rendered":"https:\/\/tropicalmoveisgyn.com.br\/?post_type=product&#038;p=505"},"modified":"2024-02-01T11:33:37","modified_gmt":"2024-02-01T14:33:37","slug":"fogao-de-piso-4-bocas-braslar-sirius-branco","status":"publish","type":"product","link":"https:\/\/tropicalmoveisgyn.com.br\/index.php\/product\/fogao-de-piso-4-bocas-braslar-sirius-branco\/","title":{"rendered":"Fog\u00e3o De Piso 4 Bocas Braslar Sirius Branco"},"content":{"rendered":"<p>Fog\u00e3o De Piso 4 Bocas Braslar Sirius Branco sem acendimento<\/p>\n<p>Fog\u00e3o de Piso 4 Bocas Braslar Sirius &#8211; Efici\u00eancia e Praticidade na Sua Cozinha<\/p>\n<p>O Fog\u00e3o de Piso 4 Bocas Braslar Sirius oferece a voc\u00ea um equipamento vers\u00e1til e funcional para tornar seus momentos na cozinha ainda mais especiais. Com detalhes pensados para atender \u00e0s suas necessidades culin\u00e1rias, o Fog\u00e3o Sirius \u00e9 o parceiro ideal para quem busca qualidade e efici\u00eancia.<\/p>\n","protected":false},"excerpt":{"rendered":"<p>Fog\u00e3o De Piso 4 Bocas Braslar Sirius Branco sem acendimento Fog\u00e3o de Piso 4 Bocas Braslar Sirius &#8211; Efici\u00eancia e Praticidade na Sua Cozinha O Fog\u00e3o de Piso 4 Bocas Braslar Sirius oferece a voc\u00ea um equipamento vers\u00e1til e funcional para tornar seus momentos na cozinha ainda mais especiais. Com detalhes pensados para atender \u00e0s [&hellip;]<\/p>\n","protected":false},"featured_media":1035,"comment_status":"open","ping_status":"closed","template":"","meta":{"_joinchat":[]},"product_brand":[],"product_cat":[21],"product_tag":[],"class_list":{"0":"post-505","1":"product","2":"type-product","3":"status-publish","4":"has-post-thumbnail","6":"product_cat-fogoes-e-micro-ondas","8":"first","9":"instock","10":"shipping-taxable","11":"purchasable","12":"product-type-simple"},"yoast_head":"<!-- This site is optimized with the Yoast SEO plugin v27.3 - https:\/\/yoast.com\/product\/yoast-seo-wordpress\/ -->\n<title>Fog\u00e3o De Piso 4 Bocas Braslar Sirius Branco - Tropical Moveis<\/title>\n<meta name=\"robots\" content=\"index, follow, max-snippet:-1, max-image-preview:large, max-video-preview:-1\" \/>\n<link rel=\"canonical\" href=\"https:\/\/tropicalmoveisgyn.com.br\/index.php\/product\/fogao-de-piso-4-bocas-braslar-sirius-branco\/\" \/>\n<meta property=\"og:locale\" content=\"pt_BR\" \/>\n<meta property=\"og:type\" content=\"article\" \/>\n<meta property=\"og:title\" content=\"Fog\u00e3o De Piso 4 Bocas Braslar Sirius Branco - Tropical Moveis\" \/>\n<meta property=\"og:description\" content=\"Fog\u00e3o De Piso 4 Bocas Braslar Sirius Branco sem acendimento Fog\u00e3o de Piso 4 Bocas Braslar Sirius &#8211; Efici\u00eancia e Praticidade na Sua Cozinha O Fog\u00e3o de Piso 4 Bocas Braslar Sirius oferece a voc\u00ea um equipamento vers\u00e1til e funcional para tornar seus momentos na cozinha ainda mais especiais. Com detalhes pensados para atender \u00e0s [&hellip;]\" \/>\n<meta property=\"og:url\" content=\"https:\/\/tropicalmoveisgyn.com.br\/index.php\/product\/fogao-de-piso-4-bocas-braslar-sirius-branco\/\" \/>\n<meta property=\"og:site_name\" content=\"Tropical Moveis\" \/>\n<meta property=\"article:modified_time\" content=\"2024-02-01T14:33:37+00:00\" \/>\n<meta property=\"og:image\" content=\"https:\/\/tropicalmoveisgyn.com.br\/wp-content\/uploads\/2024\/01\/IMG_4073-scaled.jpeg\" \/>\n\t<meta property=\"og:image:width\" content=\"1920\" \/>\n\t<meta property=\"og:image:height\" content=\"2560\" \/>\n\t<meta property=\"og:image:type\" content=\"image\/jpeg\" \/>\n<meta name=\"twitter:card\" content=\"summary_large_image\" \/>\n<script type=\"application\/ld+json\" class=\"yoast-schema-graph\">{\"@context\":\"https:\\\/\\\/schema.org\",\"@graph\":[{\"@type\":\"WebPage\",\"@id\":\"https:\\\/\\\/tropicalmoveisgyn.com.br\\\/index.php\\\/product\\\/fogao-de-piso-4-bocas-braslar-sirius-branco\\\/\",\"url\":\"https:\\\/\\\/tropicalmoveisgyn.com.br\\\/index.php\\\/product\\\/fogao-de-piso-4-bocas-braslar-sirius-branco\\\/\",\"name\":\"Fog\u00e3o De Piso 4 Bocas Braslar Sirius Branco - Tropical Moveis\",\"isPartOf\":{\"@id\":\"https:\\\/\\\/tropicalmoveisgyn.com.br\\\/#website\"},\"primaryImageOfPage\":{\"@id\":\"https:\\\/\\\/tropicalmoveisgyn.com.br\\\/index.php\\\/product\\\/fogao-de-piso-4-bocas-braslar-sirius-branco\\\/#primaryimage\"},\"image\":{\"@id\":\"https:\\\/\\\/tropicalmoveisgyn.com.br\\\/index.php\\\/product\\\/fogao-de-piso-4-bocas-braslar-sirius-branco\\\/#primaryimage\"},\"thumbnailUrl\":\"https:\\\/\\\/tropicalmoveisgyn.com.br\\\/wp-content\\\/uploads\\\/2024\\\/01\\\/IMG_4073-scaled.jpeg\",\"datePublished\":\"2024-01-08T13:40:09+00:00\",\"dateModified\":\"2024-02-01T14:33:37+00:00\",\"breadcrumb\":{\"@id\":\"https:\\\/\\\/tropicalmoveisgyn.com.br\\\/index.php\\\/product\\\/fogao-de-piso-4-bocas-braslar-sirius-branco\\\/#breadcrumb\"},\"inLanguage\":\"pt-BR\",\"potentialAction\":[{\"@type\":\"ReadAction\",\"target\":[\"https:\\\/\\\/tropicalmoveisgyn.com.br\\\/index.php\\\/product\\\/fogao-de-piso-4-bocas-braslar-sirius-branco\\\/\"]}]},{\"@type\":\"ImageObject\",\"inLanguage\":\"pt-BR\",\"@id\":\"https:\\\/\\\/tropicalmoveisgyn.com.br\\\/index.php\\\/product\\\/fogao-de-piso-4-bocas-braslar-sirius-branco\\\/#primaryimage\",\"url\":\"https:\\\/\\\/tropicalmoveisgyn.com.br\\\/wp-content\\\/uploads\\\/2024\\\/01\\\/IMG_4073-scaled.jpeg\",\"contentUrl\":\"https:\\\/\\\/tropicalmoveisgyn.com.br\\\/wp-content\\\/uploads\\\/2024\\\/01\\\/IMG_4073-scaled.jpeg\",\"width\":1920,\"height\":2560},{\"@type\":\"BreadcrumbList\",\"@id\":\"https:\\\/\\\/tropicalmoveisgyn.com.br\\\/index.php\\\/product\\\/fogao-de-piso-4-bocas-braslar-sirius-branco\\\/#breadcrumb\",\"itemListElement\":[{\"@type\":\"ListItem\",\"position\":1,\"name\":\"In\u00edcio\",\"item\":\"https:\\\/\\\/tropicalmoveisgyn.com.br\\\/\"},{\"@type\":\"ListItem\",\"position\":2,\"name\":\"Shop\",\"item\":\"https:\\\/\\\/tropicalmoveisgyn.com.br\\\/index.php\\\/shop\\\/\"},{\"@type\":\"ListItem\",\"position\":3,\"name\":\"Fog\u00e3o De Piso 4 Bocas Braslar Sirius Branco\"}]},{\"@type\":\"WebSite\",\"@id\":\"https:\\\/\\\/tropicalmoveisgyn.com.br\\\/#website\",\"url\":\"https:\\\/\\\/tropicalmoveisgyn.com.br\\\/\",\"name\":\"Tropical Moveis\",\"description\":\"\",\"publisher\":{\"@id\":\"https:\\\/\\\/tropicalmoveisgyn.com.br\\\/#organization\"},\"potentialAction\":[{\"@type\":\"SearchAction\",\"target\":{\"@type\":\"EntryPoint\",\"urlTemplate\":\"https:\\\/\\\/tropicalmoveisgyn.com.br\\\/?s={search_term_string}\"},\"query-input\":{\"@type\":\"PropertyValueSpecification\",\"valueRequired\":true,\"valueName\":\"search_term_string\"}}],\"inLanguage\":\"pt-BR\"},{\"@type\":\"Organization\",\"@id\":\"https:\\\/\\\/tropicalmoveisgyn.com.br\\\/#organization\",\"name\":\"Tropical Moveis\",\"url\":\"https:\\\/\\\/tropicalmoveisgyn.com.br\\\/\",\"logo\":{\"@type\":\"ImageObject\",\"inLanguage\":\"pt-BR\",\"@id\":\"https:\\\/\\\/tropicalmoveisgyn.com.br\\\/#\\\/schema\\\/logo\\\/image\\\/\",\"url\":\"http:\\\/\\\/tropicalmoveisgyn.com.br\\\/wp-content\\\/uploads\\\/2026\\\/03\\\/cropped-WhatsApp-Image-2026-03-23-at-17.02.58.jpeg\",\"contentUrl\":\"http:\\\/\\\/tropicalmoveisgyn.com.br\\\/wp-content\\\/uploads\\\/2026\\\/03\\\/cropped-WhatsApp-Image-2026-03-23-at-17.02.58.jpeg\",\"width\":512,\"height\":512,\"caption\":\"Tropical Moveis\"},\"image\":{\"@id\":\"https:\\\/\\\/tropicalmoveisgyn.com.br\\\/#\\\/schema\\\/logo\\\/image\\\/\"}}]}<\/script>\n<!-- \/ Yoast SEO plugin. -->","yoast_head_json":{"title":"Fog\u00e3o De Piso 4 Bocas Braslar Sirius Branco - Tropical Moveis","robots":{"index":"index","follow":"follow","max-snippet":"max-snippet:-1","max-image-preview":"max-image-preview:large","max-video-preview":"max-video-preview:-1"},"canonical":"https:\/\/tropicalmoveisgyn.com.br\/index.php\/product\/fogao-de-piso-4-bocas-braslar-sirius-branco\/","og_locale":"pt_BR","og_type":"article","og_title":"Fog\u00e3o De Piso 4 Bocas Braslar Sirius Branco - Tropical Moveis","og_description":"Fog\u00e3o De Piso 4 Bocas Braslar Sirius Branco sem acendimento Fog\u00e3o de Piso 4 Bocas Braslar Sirius &#8211; Efici\u00eancia e Praticidade na Sua Cozinha O Fog\u00e3o de Piso 4 Bocas Braslar Sirius oferece a voc\u00ea um equipamento vers\u00e1til e funcional para tornar seus momentos na cozinha ainda mais especiais. Com detalhes pensados para atender \u00e0s [&hellip;]","og_url":"https:\/\/tropicalmoveisgyn.com.br\/index.php\/product\/fogao-de-piso-4-bocas-braslar-sirius-branco\/","og_site_name":"Tropical Moveis","article_modified_time":"2024-02-01T14:33:37+00:00","og_image":[{"width":1920,"height":2560,"url":"https:\/\/tropicalmoveisgyn.com.br\/wp-content\/uploads\/2024\/01\/IMG_4073-scaled.jpeg","type":"image\/jpeg"}],"twitter_card":"summary_large_image","schema":{"@context":"https:\/\/schema.org","@graph":[{"@type":"WebPage","@id":"https:\/\/tropicalmoveisgyn.com.br\/index.php\/product\/fogao-de-piso-4-bocas-braslar-sirius-branco\/","url":"https:\/\/tropicalmoveisgyn.com.br\/index.php\/product\/fogao-de-piso-4-bocas-braslar-sirius-branco\/","name":"Fog\u00e3o De Piso 4 Bocas Braslar Sirius Branco - Tropical Moveis","isPartOf":{"@id":"https:\/\/tropicalmoveisgyn.com.br\/#website"},"primaryImageOfPage":{"@id":"https:\/\/tropicalmoveisgyn.com.br\/index.php\/product\/fogao-de-piso-4-bocas-braslar-sirius-branco\/#primaryimage"},"image":{"@id":"https:\/\/tropicalmoveisgyn.com.br\/index.php\/product\/fogao-de-piso-4-bocas-braslar-sirius-branco\/#primaryimage"},"thumbnailUrl":"https:\/\/tropicalmoveisgyn.com.br\/wp-content\/uploads\/2024\/01\/IMG_4073-scaled.jpeg","datePublished":"2024-01-08T13:40:09+00:00","dateModified":"2024-02-01T14:33:37+00:00","breadcrumb":{"@id":"https:\/\/tropicalmoveisgyn.com.br\/index.php\/product\/fogao-de-piso-4-bocas-braslar-sirius-branco\/#breadcrumb"},"inLanguage":"pt-BR","potentialAction":[{"@type":"ReadAction","target":["https:\/\/tropicalmoveisgyn.com.br\/index.php\/product\/fogao-de-piso-4-bocas-braslar-sirius-branco\/"]}]},{"@type":"ImageObject","inLanguage":"pt-BR","@id":"https:\/\/tropicalmoveisgyn.com.br\/index.php\/product\/fogao-de-piso-4-bocas-braslar-sirius-branco\/#primaryimage","url":"https:\/\/tropicalmoveisgyn.com.br\/wp-content\/uploads\/2024\/01\/IMG_4073-scaled.jpeg","contentUrl":"https:\/\/tropicalmoveisgyn.com.br\/wp-content\/uploads\/2024\/01\/IMG_4073-scaled.jpeg","width":1920,"height":2560},{"@type":"BreadcrumbList","@id":"https:\/\/tropicalmoveisgyn.com.br\/index.php\/product\/fogao-de-piso-4-bocas-braslar-sirius-branco\/#breadcrumb","itemListElement":[{"@type":"ListItem","position":1,"name":"In\u00edcio","item":"https:\/\/tropicalmoveisgyn.com.br\/"},{"@type":"ListItem","position":2,"name":"Shop","item":"https:\/\/tropicalmoveisgyn.com.br\/index.php\/shop\/"},{"@type":"ListItem","position":3,"name":"Fog\u00e3o De Piso 4 Bocas Braslar Sirius Branco"}]},{"@type":"WebSite","@id":"https:\/\/tropicalmoveisgyn.com.br\/#website","url":"https:\/\/tropicalmoveisgyn.com.br\/","name":"Tropical Moveis","description":"","publisher":{"@id":"https:\/\/tropicalmoveisgyn.com.br\/#organization"},"potentialAction":[{"@type":"SearchAction","target":{"@type":"EntryPoint","urlTemplate":"https:\/\/tropicalmoveisgyn.com.br\/?s={search_term_string}"},"query-input":{"@type":"PropertyValueSpecification","valueRequired":true,"valueName":"search_term_string"}}],"inLanguage":"pt-BR"},{"@type":"Organization","@id":"https:\/\/tropicalmoveisgyn.com.br\/#organization","name":"Tropical Moveis","url":"https:\/\/tropicalmoveisgyn.com.br\/","logo":{"@type":"ImageObject","inLanguage":"pt-BR","@id":"https:\/\/tropicalmoveisgyn.com.br\/#\/schema\/logo\/image\/","url":"http:\/\/tropicalmoveisgyn.com.br\/wp-content\/uploads\/2026\/03\/cropped-WhatsApp-Image-2026-03-23-at-17.02.58.jpeg","contentUrl":"http:\/\/tropicalmoveisgyn.com.br\/wp-content\/uploads\/2026\/03\/cropped-WhatsApp-Image-2026-03-23-at-17.02.58.jpeg","width":512,"height":512,"caption":"Tropical Moveis"},"image":{"@id":"https:\/\/tropicalmoveisgyn.com.br\/#\/schema\/logo\/image\/"}}]}},"_links":{"self":[{"href":"https:\/\/tropicalmoveisgyn.com.br\/index.php\/wp-json\/wp\/v2\/product\/505","targetHints":{"allow":["GET"]}}],"collection":[{"href":"https:\/\/tropicalmoveisgyn.com.br\/index.php\/wp-json\/wp\/v2\/product"}],"about":[{"href":"https:\/\/tropicalmoveisgyn.com.br\/index.php\/wp-json\/wp\/v2\/types\/product"}],"replies":[{"embeddable":true,"href":"https:\/\/tropicalmoveisgyn.com.br\/index.php\/wp-json\/wp\/v2\/comments?post=505"}],"wp:featuredmedia":[{"embeddable":true,"href":"https:\/\/tropicalmoveisgyn.com.br\/index.php\/wp-json\/wp\/v2\/media\/1035"}],"wp:attachment":[{"href":"https:\/\/tropicalmoveisgyn.com.br\/index.php\/wp-json\/wp\/v2\/media?parent=505"}],"wp:term":[{"taxonomy":"product_brand","embeddable":true,"href":"https:\/\/tropicalmoveisgyn.com.br\/index.php\/wp-json\/wp\/v2\/product_brand?post=505"},{"taxonomy":"product_cat","embeddable":true,"href":"https:\/\/tropicalmoveisgyn.com.br\/index.php\/wp-json\/wp\/v2\/product_cat?post=505"},{"taxonomy":"product_tag","embeddable":true,"href":"https:\/\/tropicalmoveisgyn.com.br\/index.php\/wp-json\/wp\/v2\/product_tag?post=505"}],"curies":[{"name":"wp","href":"https:\/\/api.w.org\/{rel}","templated":true}]}}