{"id":479,"date":"2023-12-21T14:49:54","date_gmt":"2023-12-21T17:49:54","guid":{"rendered":"https:\/\/tropicalmoveisgyn.com.br\/?post_type=product&#038;p=479"},"modified":"2025-10-23T14:33:31","modified_gmt":"2025-10-23T17:33:31","slug":"geladeira-refrigerador-esmaltec-245l-cycle-defrost-1-porta-roc31-branco","status":"publish","type":"product","link":"https:\/\/tropicalmoveisgyn.com.br\/index.php\/product\/geladeira-refrigerador-esmaltec-245l-cycle-defrost-1-porta-roc31-branco\/","title":{"rendered":"Geladeira Refrigerador Esmaltec 245L Cycle Defrost 1 Porta ROC31 &#8211; Branco &#8211;"},"content":{"rendered":"<p>A <b>Geladeira ROC31<\/b> de 245 Litros da Esmaltec \u00e9 perfeita para voc\u00ea que busca por economia e praticidade. Possui boa distribui\u00e7\u00e3o de espa\u00e7o interno,<b>ilumina\u00e7\u00e3o na lateral do refrigerador <\/b>e <b>p\u00e9s<\/b><b>elevados<\/b> com niveladores, que facilitam a limpeza.<\/p>\n","protected":false},"excerpt":{"rendered":"<p>A Geladeira ROC31 de 245 Litros da Esmaltec \u00e9 perfeita para voc\u00ea que busca por economia e praticidade. Possui boa distribui\u00e7\u00e3o de espa\u00e7o interno,ilumina\u00e7\u00e3o na lateral do refrigerador e p\u00e9selevados com niveladores, que facilitam a limpeza.<\/p>\n","protected":false},"featured_media":1052,"comment_status":"open","ping_status":"closed","template":"","meta":{"_joinchat":[]},"product_brand":[],"product_cat":[23],"product_tag":[],"class_list":{"0":"post-479","1":"product","2":"type-product","3":"status-publish","4":"has-post-thumbnail","6":"product_cat-geladeiras","8":"first","9":"instock","10":"sale","11":"shipping-taxable","12":"purchasable","13":"product-type-simple"},"yoast_head":"<!-- This site is optimized with the Yoast SEO plugin v27.3 - https:\/\/yoast.com\/product\/yoast-seo-wordpress\/ -->\n<title>Geladeira Refrigerador Esmaltec 245L Cycle Defrost 1 Porta ROC31 - Branco - Tropical Moveis<\/title>\n<meta name=\"robots\" content=\"index, follow, max-snippet:-1, max-image-preview:large, max-video-preview:-1\" \/>\n<link rel=\"canonical\" href=\"https:\/\/tropicalmoveisgyn.com.br\/index.php\/product\/geladeira-refrigerador-esmaltec-245l-cycle-defrost-1-porta-roc31-branco\/\" \/>\n<meta property=\"og:locale\" content=\"pt_BR\" \/>\n<meta property=\"og:type\" content=\"article\" \/>\n<meta property=\"og:title\" content=\"Geladeira Refrigerador Esmaltec 245L Cycle Defrost 1 Porta ROC31 - Branco - Tropical Moveis\" \/>\n<meta property=\"og:description\" content=\"A Geladeira ROC31 de 245 Litros da Esmaltec \u00e9 perfeita para voc\u00ea que busca por economia e praticidade. Possui boa distribui\u00e7\u00e3o de espa\u00e7o interno,ilumina\u00e7\u00e3o na lateral do refrigerador e p\u00e9selevados com niveladores, que facilitam a limpeza.\" \/>\n<meta property=\"og:url\" content=\"https:\/\/tropicalmoveisgyn.com.br\/index.php\/product\/geladeira-refrigerador-esmaltec-245l-cycle-defrost-1-porta-roc31-branco\/\" \/>\n<meta property=\"og:site_name\" content=\"Tropical Moveis\" \/>\n<meta property=\"article:modified_time\" content=\"2025-10-23T17:33:31+00:00\" \/>\n<meta property=\"og:image\" content=\"https:\/\/tropicalmoveisgyn.com.br\/wp-content\/uploads\/2024\/02\/IMG_4215-scaled.jpeg\" \/>\n\t<meta property=\"og:image:width\" content=\"1920\" \/>\n\t<meta property=\"og:image:height\" content=\"2560\" \/>\n\t<meta property=\"og:image:type\" content=\"image\/jpeg\" \/>\n<meta name=\"twitter:card\" content=\"summary_large_image\" \/>\n<script type=\"application\/ld+json\" class=\"yoast-schema-graph\">{\"@context\":\"https:\\\/\\\/schema.org\",\"@graph\":[{\"@type\":\"WebPage\",\"@id\":\"https:\\\/\\\/tropicalmoveisgyn.com.br\\\/index.php\\\/product\\\/geladeira-refrigerador-esmaltec-245l-cycle-defrost-1-porta-roc31-branco\\\/\",\"url\":\"https:\\\/\\\/tropicalmoveisgyn.com.br\\\/index.php\\\/product\\\/geladeira-refrigerador-esmaltec-245l-cycle-defrost-1-porta-roc31-branco\\\/\",\"name\":\"Geladeira Refrigerador Esmaltec 245L Cycle Defrost 1 Porta ROC31 - Branco - Tropical Moveis\",\"isPartOf\":{\"@id\":\"https:\\\/\\\/tropicalmoveisgyn.com.br\\\/#website\"},\"primaryImageOfPage\":{\"@id\":\"https:\\\/\\\/tropicalmoveisgyn.com.br\\\/index.php\\\/product\\\/geladeira-refrigerador-esmaltec-245l-cycle-defrost-1-porta-roc31-branco\\\/#primaryimage\"},\"image\":{\"@id\":\"https:\\\/\\\/tropicalmoveisgyn.com.br\\\/index.php\\\/product\\\/geladeira-refrigerador-esmaltec-245l-cycle-defrost-1-porta-roc31-branco\\\/#primaryimage\"},\"thumbnailUrl\":\"https:\\\/\\\/tropicalmoveisgyn.com.br\\\/wp-content\\\/uploads\\\/2024\\\/02\\\/IMG_4215-scaled.jpeg\",\"datePublished\":\"2023-12-21T17:49:54+00:00\",\"dateModified\":\"2025-10-23T17:33:31+00:00\",\"breadcrumb\":{\"@id\":\"https:\\\/\\\/tropicalmoveisgyn.com.br\\\/index.php\\\/product\\\/geladeira-refrigerador-esmaltec-245l-cycle-defrost-1-porta-roc31-branco\\\/#breadcrumb\"},\"inLanguage\":\"pt-BR\",\"potentialAction\":[{\"@type\":\"ReadAction\",\"target\":[\"https:\\\/\\\/tropicalmoveisgyn.com.br\\\/index.php\\\/product\\\/geladeira-refrigerador-esmaltec-245l-cycle-defrost-1-porta-roc31-branco\\\/\"]}]},{\"@type\":\"ImageObject\",\"inLanguage\":\"pt-BR\",\"@id\":\"https:\\\/\\\/tropicalmoveisgyn.com.br\\\/index.php\\\/product\\\/geladeira-refrigerador-esmaltec-245l-cycle-defrost-1-porta-roc31-branco\\\/#primaryimage\",\"url\":\"https:\\\/\\\/tropicalmoveisgyn.com.br\\\/wp-content\\\/uploads\\\/2024\\\/02\\\/IMG_4215-scaled.jpeg\",\"contentUrl\":\"https:\\\/\\\/tropicalmoveisgyn.com.br\\\/wp-content\\\/uploads\\\/2024\\\/02\\\/IMG_4215-scaled.jpeg\",\"width\":1920,\"height\":2560},{\"@type\":\"BreadcrumbList\",\"@id\":\"https:\\\/\\\/tropicalmoveisgyn.com.br\\\/index.php\\\/product\\\/geladeira-refrigerador-esmaltec-245l-cycle-defrost-1-porta-roc31-branco\\\/#breadcrumb\",\"itemListElement\":[{\"@type\":\"ListItem\",\"position\":1,\"name\":\"In\u00edcio\",\"item\":\"https:\\\/\\\/tropicalmoveisgyn.com.br\\\/\"},{\"@type\":\"ListItem\",\"position\":2,\"name\":\"Shop\",\"item\":\"https:\\\/\\\/tropicalmoveisgyn.com.br\\\/index.php\\\/shop\\\/\"},{\"@type\":\"ListItem\",\"position\":3,\"name\":\"Geladeira Refrigerador Esmaltec 245L Cycle Defrost 1 Porta ROC31 &#8211; Branco &#8211;\"}]},{\"@type\":\"WebSite\",\"@id\":\"https:\\\/\\\/tropicalmoveisgyn.com.br\\\/#website\",\"url\":\"https:\\\/\\\/tropicalmoveisgyn.com.br\\\/\",\"name\":\"Tropical Moveis\",\"description\":\"\",\"publisher\":{\"@id\":\"https:\\\/\\\/tropicalmoveisgyn.com.br\\\/#organization\"},\"potentialAction\":[{\"@type\":\"SearchAction\",\"target\":{\"@type\":\"EntryPoint\",\"urlTemplate\":\"https:\\\/\\\/tropicalmoveisgyn.com.br\\\/?s={search_term_string}\"},\"query-input\":{\"@type\":\"PropertyValueSpecification\",\"valueRequired\":true,\"valueName\":\"search_term_string\"}}],\"inLanguage\":\"pt-BR\"},{\"@type\":\"Organization\",\"@id\":\"https:\\\/\\\/tropicalmoveisgyn.com.br\\\/#organization\",\"name\":\"Tropical Moveis\",\"url\":\"https:\\\/\\\/tropicalmoveisgyn.com.br\\\/\",\"logo\":{\"@type\":\"ImageObject\",\"inLanguage\":\"pt-BR\",\"@id\":\"https:\\\/\\\/tropicalmoveisgyn.com.br\\\/#\\\/schema\\\/logo\\\/image\\\/\",\"url\":\"http:\\\/\\\/tropicalmoveisgyn.com.br\\\/wp-content\\\/uploads\\\/2026\\\/03\\\/cropped-WhatsApp-Image-2026-03-23-at-17.02.58.jpeg\",\"contentUrl\":\"http:\\\/\\\/tropicalmoveisgyn.com.br\\\/wp-content\\\/uploads\\\/2026\\\/03\\\/cropped-WhatsApp-Image-2026-03-23-at-17.02.58.jpeg\",\"width\":512,\"height\":512,\"caption\":\"Tropical Moveis\"},\"image\":{\"@id\":\"https:\\\/\\\/tropicalmoveisgyn.com.br\\\/#\\\/schema\\\/logo\\\/image\\\/\"}}]}<\/script>\n<!-- \/ Yoast SEO plugin. -->","yoast_head_json":{"title":"Geladeira Refrigerador Esmaltec 245L Cycle Defrost 1 Porta ROC31 - Branco - Tropical Moveis","robots":{"index":"index","follow":"follow","max-snippet":"max-snippet:-1","max-image-preview":"max-image-preview:large","max-video-preview":"max-video-preview:-1"},"canonical":"https:\/\/tropicalmoveisgyn.com.br\/index.php\/product\/geladeira-refrigerador-esmaltec-245l-cycle-defrost-1-porta-roc31-branco\/","og_locale":"pt_BR","og_type":"article","og_title":"Geladeira Refrigerador Esmaltec 245L Cycle Defrost 1 Porta ROC31 - Branco - Tropical Moveis","og_description":"A Geladeira ROC31 de 245 Litros da Esmaltec \u00e9 perfeita para voc\u00ea que busca por economia e praticidade. Possui boa distribui\u00e7\u00e3o de espa\u00e7o interno,ilumina\u00e7\u00e3o na lateral do refrigerador e p\u00e9selevados com niveladores, que facilitam a limpeza.","og_url":"https:\/\/tropicalmoveisgyn.com.br\/index.php\/product\/geladeira-refrigerador-esmaltec-245l-cycle-defrost-1-porta-roc31-branco\/","og_site_name":"Tropical Moveis","article_modified_time":"2025-10-23T17:33:31+00:00","og_image":[{"width":1920,"height":2560,"url":"https:\/\/tropicalmoveisgyn.com.br\/wp-content\/uploads\/2024\/02\/IMG_4215-scaled.jpeg","type":"image\/jpeg"}],"twitter_card":"summary_large_image","schema":{"@context":"https:\/\/schema.org","@graph":[{"@type":"WebPage","@id":"https:\/\/tropicalmoveisgyn.com.br\/index.php\/product\/geladeira-refrigerador-esmaltec-245l-cycle-defrost-1-porta-roc31-branco\/","url":"https:\/\/tropicalmoveisgyn.com.br\/index.php\/product\/geladeira-refrigerador-esmaltec-245l-cycle-defrost-1-porta-roc31-branco\/","name":"Geladeira Refrigerador Esmaltec 245L Cycle Defrost 1 Porta ROC31 - Branco - Tropical Moveis","isPartOf":{"@id":"https:\/\/tropicalmoveisgyn.com.br\/#website"},"primaryImageOfPage":{"@id":"https:\/\/tropicalmoveisgyn.com.br\/index.php\/product\/geladeira-refrigerador-esmaltec-245l-cycle-defrost-1-porta-roc31-branco\/#primaryimage"},"image":{"@id":"https:\/\/tropicalmoveisgyn.com.br\/index.php\/product\/geladeira-refrigerador-esmaltec-245l-cycle-defrost-1-porta-roc31-branco\/#primaryimage"},"thumbnailUrl":"https:\/\/tropicalmoveisgyn.com.br\/wp-content\/uploads\/2024\/02\/IMG_4215-scaled.jpeg","datePublished":"2023-12-21T17:49:54+00:00","dateModified":"2025-10-23T17:33:31+00:00","breadcrumb":{"@id":"https:\/\/tropicalmoveisgyn.com.br\/index.php\/product\/geladeira-refrigerador-esmaltec-245l-cycle-defrost-1-porta-roc31-branco\/#breadcrumb"},"inLanguage":"pt-BR","potentialAction":[{"@type":"ReadAction","target":["https:\/\/tropicalmoveisgyn.com.br\/index.php\/product\/geladeira-refrigerador-esmaltec-245l-cycle-defrost-1-porta-roc31-branco\/"]}]},{"@type":"ImageObject","inLanguage":"pt-BR","@id":"https:\/\/tropicalmoveisgyn.com.br\/index.php\/product\/geladeira-refrigerador-esmaltec-245l-cycle-defrost-1-porta-roc31-branco\/#primaryimage","url":"https:\/\/tropicalmoveisgyn.com.br\/wp-content\/uploads\/2024\/02\/IMG_4215-scaled.jpeg","contentUrl":"https:\/\/tropicalmoveisgyn.com.br\/wp-content\/uploads\/2024\/02\/IMG_4215-scaled.jpeg","width":1920,"height":2560},{"@type":"BreadcrumbList","@id":"https:\/\/tropicalmoveisgyn.com.br\/index.php\/product\/geladeira-refrigerador-esmaltec-245l-cycle-defrost-1-porta-roc31-branco\/#breadcrumb","itemListElement":[{"@type":"ListItem","position":1,"name":"In\u00edcio","item":"https:\/\/tropicalmoveisgyn.com.br\/"},{"@type":"ListItem","position":2,"name":"Shop","item":"https:\/\/tropicalmoveisgyn.com.br\/index.php\/shop\/"},{"@type":"ListItem","position":3,"name":"Geladeira Refrigerador Esmaltec 245L Cycle Defrost 1 Porta ROC31 &#8211; Branco &#8211;"}]},{"@type":"WebSite","@id":"https:\/\/tropicalmoveisgyn.com.br\/#website","url":"https:\/\/tropicalmoveisgyn.com.br\/","name":"Tropical Moveis","description":"","publisher":{"@id":"https:\/\/tropicalmoveisgyn.com.br\/#organization"},"potentialAction":[{"@type":"SearchAction","target":{"@type":"EntryPoint","urlTemplate":"https:\/\/tropicalmoveisgyn.com.br\/?s={search_term_string}"},"query-input":{"@type":"PropertyValueSpecification","valueRequired":true,"valueName":"search_term_string"}}],"inLanguage":"pt-BR"},{"@type":"Organization","@id":"https:\/\/tropicalmoveisgyn.com.br\/#organization","name":"Tropical Moveis","url":"https:\/\/tropicalmoveisgyn.com.br\/","logo":{"@type":"ImageObject","inLanguage":"pt-BR","@id":"https:\/\/tropicalmoveisgyn.com.br\/#\/schema\/logo\/image\/","url":"http:\/\/tropicalmoveisgyn.com.br\/wp-content\/uploads\/2026\/03\/cropped-WhatsApp-Image-2026-03-23-at-17.02.58.jpeg","contentUrl":"http:\/\/tropicalmoveisgyn.com.br\/wp-content\/uploads\/2026\/03\/cropped-WhatsApp-Image-2026-03-23-at-17.02.58.jpeg","width":512,"height":512,"caption":"Tropical Moveis"},"image":{"@id":"https:\/\/tropicalmoveisgyn.com.br\/#\/schema\/logo\/image\/"}}]}},"_links":{"self":[{"href":"https:\/\/tropicalmoveisgyn.com.br\/index.php\/wp-json\/wp\/v2\/product\/479","targetHints":{"allow":["GET"]}}],"collection":[{"href":"https:\/\/tropicalmoveisgyn.com.br\/index.php\/wp-json\/wp\/v2\/product"}],"about":[{"href":"https:\/\/tropicalmoveisgyn.com.br\/index.php\/wp-json\/wp\/v2\/types\/product"}],"replies":[{"embeddable":true,"href":"https:\/\/tropicalmoveisgyn.com.br\/index.php\/wp-json\/wp\/v2\/comments?post=479"}],"wp:featuredmedia":[{"embeddable":true,"href":"https:\/\/tropicalmoveisgyn.com.br\/index.php\/wp-json\/wp\/v2\/media\/1052"}],"wp:attachment":[{"href":"https:\/\/tropicalmoveisgyn.com.br\/index.php\/wp-json\/wp\/v2\/media?parent=479"}],"wp:term":[{"taxonomy":"product_brand","embeddable":true,"href":"https:\/\/tropicalmoveisgyn.com.br\/index.php\/wp-json\/wp\/v2\/product_brand?post=479"},{"taxonomy":"product_cat","embeddable":true,"href":"https:\/\/tropicalmoveisgyn.com.br\/index.php\/wp-json\/wp\/v2\/product_cat?post=479"},{"taxonomy":"product_tag","embeddable":true,"href":"https:\/\/tropicalmoveisgyn.com.br\/index.php\/wp-json\/wp\/v2\/product_tag?post=479"}],"curies":[{"name":"wp","href":"https:\/\/api.w.org\/{rel}","templated":true}]}}