{"id":476,"date":"2023-12-21T14:26:41","date_gmt":"2023-12-21T17:26:41","guid":{"rendered":"https:\/\/tropicalmoveisgyn.com.br\/?post_type=product&#038;p=476"},"modified":"2024-02-01T12:07:00","modified_gmt":"2024-02-01T15:07:00","slug":"refrigerador-240l-1-porta-classe-a-220-volts-branco-electrolux","status":"publish","type":"product","link":"https:\/\/tropicalmoveisgyn.com.br\/index.php\/product\/refrigerador-240l-1-porta-classe-a-220-volts-branco-electrolux\/","title":{"rendered":"Refrigerador 240L 1 Porta Classe A 220 Volts, Branco, Electrolux (Nova De Outlet) 1 Ano De Garantia"},"content":{"rendered":"<blockquote><p>Sua cozinhamais elegante e funcional com o <b>Refrigerador Electrolux 240 Litros.<\/b> Ele \u00e9 pr\u00e1tico e design muito moderno com o <b>puxador ergon\u00f4mico<\/b> integrado a porta. Simples e f\u00e1cil de usar, seu novo<b> controle externo<\/b> permite ajustar a temperatura sem precisar abrir a porta.<\/p><\/blockquote>\n","protected":false},"excerpt":{"rendered":"<p>Sua cozinhamais elegante e funcional com o Refrigerador Electrolux 240 Litros. Ele \u00e9 pr\u00e1tico e design muito moderno com o puxador ergon\u00f4mico integrado a porta. Simples e f\u00e1cil de usar, seu novo controle externo permite ajustar a temperatura sem precisar abrir a porta.<\/p>\n","protected":false},"featured_media":1001,"comment_status":"open","ping_status":"closed","template":"","meta":{"_joinchat":[]},"product_brand":[],"product_cat":[23],"product_tag":[],"class_list":{"0":"post-476","1":"product","2":"type-product","3":"status-publish","4":"has-post-thumbnail","6":"product_cat-geladeiras","8":"first","9":"instock","10":"sale","11":"shipping-taxable","12":"purchasable","13":"product-type-simple"},"yoast_head":"<!-- This site is optimized with the Yoast SEO plugin v27.3 - https:\/\/yoast.com\/product\/yoast-seo-wordpress\/ -->\n<title>Refrigerador 240L 1 Porta Classe A 220 Volts, Branco, Electrolux (Nova De Outlet) 1 Ano De Garantia - Tropical Moveis<\/title>\n<meta name=\"robots\" content=\"index, follow, max-snippet:-1, max-image-preview:large, max-video-preview:-1\" \/>\n<link rel=\"canonical\" href=\"https:\/\/tropicalmoveisgyn.com.br\/index.php\/product\/refrigerador-240l-1-porta-classe-a-220-volts-branco-electrolux\/\" \/>\n<meta property=\"og:locale\" content=\"pt_BR\" \/>\n<meta property=\"og:type\" content=\"article\" \/>\n<meta property=\"og:title\" content=\"Refrigerador 240L 1 Porta Classe A 220 Volts, Branco, Electrolux (Nova De Outlet) 1 Ano De Garantia - Tropical Moveis\" \/>\n<meta property=\"og:description\" content=\"Sua cozinhamais elegante e funcional com o Refrigerador Electrolux 240 Litros. Ele \u00e9 pr\u00e1tico e design muito moderno com o puxador ergon\u00f4mico integrado a porta. Simples e f\u00e1cil de usar, seu novo controle externo permite ajustar a temperatura sem precisar abrir a porta.\" \/>\n<meta property=\"og:url\" content=\"https:\/\/tropicalmoveisgyn.com.br\/index.php\/product\/refrigerador-240l-1-porta-classe-a-220-volts-branco-electrolux\/\" \/>\n<meta property=\"og:site_name\" content=\"Tropical Moveis\" \/>\n<meta property=\"article:modified_time\" content=\"2024-02-01T15:07:00+00:00\" \/>\n<meta property=\"og:image\" content=\"https:\/\/tropicalmoveisgyn.com.br\/wp-content\/uploads\/2023\/12\/IMG_4012-scaled.jpeg\" \/>\n\t<meta property=\"og:image:width\" content=\"1920\" \/>\n\t<meta property=\"og:image:height\" content=\"2560\" \/>\n\t<meta property=\"og:image:type\" content=\"image\/jpeg\" \/>\n<meta name=\"twitter:card\" content=\"summary_large_image\" \/>\n<script type=\"application\/ld+json\" class=\"yoast-schema-graph\">{\"@context\":\"https:\\\/\\\/schema.org\",\"@graph\":[{\"@type\":\"WebPage\",\"@id\":\"https:\\\/\\\/tropicalmoveisgyn.com.br\\\/index.php\\\/product\\\/refrigerador-240l-1-porta-classe-a-220-volts-branco-electrolux\\\/\",\"url\":\"https:\\\/\\\/tropicalmoveisgyn.com.br\\\/index.php\\\/product\\\/refrigerador-240l-1-porta-classe-a-220-volts-branco-electrolux\\\/\",\"name\":\"Refrigerador 240L 1 Porta Classe A 220 Volts, Branco, Electrolux (Nova De Outlet) 1 Ano De Garantia - Tropical Moveis\",\"isPartOf\":{\"@id\":\"https:\\\/\\\/tropicalmoveisgyn.com.br\\\/#website\"},\"primaryImageOfPage\":{\"@id\":\"https:\\\/\\\/tropicalmoveisgyn.com.br\\\/index.php\\\/product\\\/refrigerador-240l-1-porta-classe-a-220-volts-branco-electrolux\\\/#primaryimage\"},\"image\":{\"@id\":\"https:\\\/\\\/tropicalmoveisgyn.com.br\\\/index.php\\\/product\\\/refrigerador-240l-1-porta-classe-a-220-volts-branco-electrolux\\\/#primaryimage\"},\"thumbnailUrl\":\"https:\\\/\\\/tropicalmoveisgyn.com.br\\\/wp-content\\\/uploads\\\/2023\\\/12\\\/IMG_4012-scaled.jpeg\",\"datePublished\":\"2023-12-21T17:26:41+00:00\",\"dateModified\":\"2024-02-01T15:07:00+00:00\",\"breadcrumb\":{\"@id\":\"https:\\\/\\\/tropicalmoveisgyn.com.br\\\/index.php\\\/product\\\/refrigerador-240l-1-porta-classe-a-220-volts-branco-electrolux\\\/#breadcrumb\"},\"inLanguage\":\"pt-BR\",\"potentialAction\":[{\"@type\":\"ReadAction\",\"target\":[\"https:\\\/\\\/tropicalmoveisgyn.com.br\\\/index.php\\\/product\\\/refrigerador-240l-1-porta-classe-a-220-volts-branco-electrolux\\\/\"]}]},{\"@type\":\"ImageObject\",\"inLanguage\":\"pt-BR\",\"@id\":\"https:\\\/\\\/tropicalmoveisgyn.com.br\\\/index.php\\\/product\\\/refrigerador-240l-1-porta-classe-a-220-volts-branco-electrolux\\\/#primaryimage\",\"url\":\"https:\\\/\\\/tropicalmoveisgyn.com.br\\\/wp-content\\\/uploads\\\/2023\\\/12\\\/IMG_4012-scaled.jpeg\",\"contentUrl\":\"https:\\\/\\\/tropicalmoveisgyn.com.br\\\/wp-content\\\/uploads\\\/2023\\\/12\\\/IMG_4012-scaled.jpeg\",\"width\":1920,\"height\":2560},{\"@type\":\"BreadcrumbList\",\"@id\":\"https:\\\/\\\/tropicalmoveisgyn.com.br\\\/index.php\\\/product\\\/refrigerador-240l-1-porta-classe-a-220-volts-branco-electrolux\\\/#breadcrumb\",\"itemListElement\":[{\"@type\":\"ListItem\",\"position\":1,\"name\":\"In\u00edcio\",\"item\":\"https:\\\/\\\/tropicalmoveisgyn.com.br\\\/\"},{\"@type\":\"ListItem\",\"position\":2,\"name\":\"Shop\",\"item\":\"https:\\\/\\\/tropicalmoveisgyn.com.br\\\/index.php\\\/shop\\\/\"},{\"@type\":\"ListItem\",\"position\":3,\"name\":\"Refrigerador 240L 1 Porta Classe A 220 Volts, Branco, Electrolux (Nova De Outlet) 1 Ano De Garantia\"}]},{\"@type\":\"WebSite\",\"@id\":\"https:\\\/\\\/tropicalmoveisgyn.com.br\\\/#website\",\"url\":\"https:\\\/\\\/tropicalmoveisgyn.com.br\\\/\",\"name\":\"Tropical Moveis\",\"description\":\"\",\"publisher\":{\"@id\":\"https:\\\/\\\/tropicalmoveisgyn.com.br\\\/#organization\"},\"potentialAction\":[{\"@type\":\"SearchAction\",\"target\":{\"@type\":\"EntryPoint\",\"urlTemplate\":\"https:\\\/\\\/tropicalmoveisgyn.com.br\\\/?s={search_term_string}\"},\"query-input\":{\"@type\":\"PropertyValueSpecification\",\"valueRequired\":true,\"valueName\":\"search_term_string\"}}],\"inLanguage\":\"pt-BR\"},{\"@type\":\"Organization\",\"@id\":\"https:\\\/\\\/tropicalmoveisgyn.com.br\\\/#organization\",\"name\":\"Tropical Moveis\",\"url\":\"https:\\\/\\\/tropicalmoveisgyn.com.br\\\/\",\"logo\":{\"@type\":\"ImageObject\",\"inLanguage\":\"pt-BR\",\"@id\":\"https:\\\/\\\/tropicalmoveisgyn.com.br\\\/#\\\/schema\\\/logo\\\/image\\\/\",\"url\":\"http:\\\/\\\/tropicalmoveisgyn.com.br\\\/wp-content\\\/uploads\\\/2026\\\/03\\\/cropped-WhatsApp-Image-2026-03-23-at-17.02.58.jpeg\",\"contentUrl\":\"http:\\\/\\\/tropicalmoveisgyn.com.br\\\/wp-content\\\/uploads\\\/2026\\\/03\\\/cropped-WhatsApp-Image-2026-03-23-at-17.02.58.jpeg\",\"width\":512,\"height\":512,\"caption\":\"Tropical Moveis\"},\"image\":{\"@id\":\"https:\\\/\\\/tropicalmoveisgyn.com.br\\\/#\\\/schema\\\/logo\\\/image\\\/\"}}]}<\/script>\n<!-- \/ Yoast SEO plugin. -->","yoast_head_json":{"title":"Refrigerador 240L 1 Porta Classe A 220 Volts, Branco, Electrolux (Nova De Outlet) 1 Ano De Garantia - Tropical Moveis","robots":{"index":"index","follow":"follow","max-snippet":"max-snippet:-1","max-image-preview":"max-image-preview:large","max-video-preview":"max-video-preview:-1"},"canonical":"https:\/\/tropicalmoveisgyn.com.br\/index.php\/product\/refrigerador-240l-1-porta-classe-a-220-volts-branco-electrolux\/","og_locale":"pt_BR","og_type":"article","og_title":"Refrigerador 240L 1 Porta Classe A 220 Volts, Branco, Electrolux (Nova De Outlet) 1 Ano De Garantia - Tropical Moveis","og_description":"Sua cozinhamais elegante e funcional com o Refrigerador Electrolux 240 Litros. Ele \u00e9 pr\u00e1tico e design muito moderno com o puxador ergon\u00f4mico integrado a porta. Simples e f\u00e1cil de usar, seu novo controle externo permite ajustar a temperatura sem precisar abrir a porta.","og_url":"https:\/\/tropicalmoveisgyn.com.br\/index.php\/product\/refrigerador-240l-1-porta-classe-a-220-volts-branco-electrolux\/","og_site_name":"Tropical Moveis","article_modified_time":"2024-02-01T15:07:00+00:00","og_image":[{"width":1920,"height":2560,"url":"https:\/\/tropicalmoveisgyn.com.br\/wp-content\/uploads\/2023\/12\/IMG_4012-scaled.jpeg","type":"image\/jpeg"}],"twitter_card":"summary_large_image","schema":{"@context":"https:\/\/schema.org","@graph":[{"@type":"WebPage","@id":"https:\/\/tropicalmoveisgyn.com.br\/index.php\/product\/refrigerador-240l-1-porta-classe-a-220-volts-branco-electrolux\/","url":"https:\/\/tropicalmoveisgyn.com.br\/index.php\/product\/refrigerador-240l-1-porta-classe-a-220-volts-branco-electrolux\/","name":"Refrigerador 240L 1 Porta Classe A 220 Volts, Branco, Electrolux (Nova De Outlet) 1 Ano De Garantia - Tropical Moveis","isPartOf":{"@id":"https:\/\/tropicalmoveisgyn.com.br\/#website"},"primaryImageOfPage":{"@id":"https:\/\/tropicalmoveisgyn.com.br\/index.php\/product\/refrigerador-240l-1-porta-classe-a-220-volts-branco-electrolux\/#primaryimage"},"image":{"@id":"https:\/\/tropicalmoveisgyn.com.br\/index.php\/product\/refrigerador-240l-1-porta-classe-a-220-volts-branco-electrolux\/#primaryimage"},"thumbnailUrl":"https:\/\/tropicalmoveisgyn.com.br\/wp-content\/uploads\/2023\/12\/IMG_4012-scaled.jpeg","datePublished":"2023-12-21T17:26:41+00:00","dateModified":"2024-02-01T15:07:00+00:00","breadcrumb":{"@id":"https:\/\/tropicalmoveisgyn.com.br\/index.php\/product\/refrigerador-240l-1-porta-classe-a-220-volts-branco-electrolux\/#breadcrumb"},"inLanguage":"pt-BR","potentialAction":[{"@type":"ReadAction","target":["https:\/\/tropicalmoveisgyn.com.br\/index.php\/product\/refrigerador-240l-1-porta-classe-a-220-volts-branco-electrolux\/"]}]},{"@type":"ImageObject","inLanguage":"pt-BR","@id":"https:\/\/tropicalmoveisgyn.com.br\/index.php\/product\/refrigerador-240l-1-porta-classe-a-220-volts-branco-electrolux\/#primaryimage","url":"https:\/\/tropicalmoveisgyn.com.br\/wp-content\/uploads\/2023\/12\/IMG_4012-scaled.jpeg","contentUrl":"https:\/\/tropicalmoveisgyn.com.br\/wp-content\/uploads\/2023\/12\/IMG_4012-scaled.jpeg","width":1920,"height":2560},{"@type":"BreadcrumbList","@id":"https:\/\/tropicalmoveisgyn.com.br\/index.php\/product\/refrigerador-240l-1-porta-classe-a-220-volts-branco-electrolux\/#breadcrumb","itemListElement":[{"@type":"ListItem","position":1,"name":"In\u00edcio","item":"https:\/\/tropicalmoveisgyn.com.br\/"},{"@type":"ListItem","position":2,"name":"Shop","item":"https:\/\/tropicalmoveisgyn.com.br\/index.php\/shop\/"},{"@type":"ListItem","position":3,"name":"Refrigerador 240L 1 Porta Classe A 220 Volts, Branco, Electrolux (Nova De Outlet) 1 Ano De Garantia"}]},{"@type":"WebSite","@id":"https:\/\/tropicalmoveisgyn.com.br\/#website","url":"https:\/\/tropicalmoveisgyn.com.br\/","name":"Tropical Moveis","description":"","publisher":{"@id":"https:\/\/tropicalmoveisgyn.com.br\/#organization"},"potentialAction":[{"@type":"SearchAction","target":{"@type":"EntryPoint","urlTemplate":"https:\/\/tropicalmoveisgyn.com.br\/?s={search_term_string}"},"query-input":{"@type":"PropertyValueSpecification","valueRequired":true,"valueName":"search_term_string"}}],"inLanguage":"pt-BR"},{"@type":"Organization","@id":"https:\/\/tropicalmoveisgyn.com.br\/#organization","name":"Tropical Moveis","url":"https:\/\/tropicalmoveisgyn.com.br\/","logo":{"@type":"ImageObject","inLanguage":"pt-BR","@id":"https:\/\/tropicalmoveisgyn.com.br\/#\/schema\/logo\/image\/","url":"http:\/\/tropicalmoveisgyn.com.br\/wp-content\/uploads\/2026\/03\/cropped-WhatsApp-Image-2026-03-23-at-17.02.58.jpeg","contentUrl":"http:\/\/tropicalmoveisgyn.com.br\/wp-content\/uploads\/2026\/03\/cropped-WhatsApp-Image-2026-03-23-at-17.02.58.jpeg","width":512,"height":512,"caption":"Tropical Moveis"},"image":{"@id":"https:\/\/tropicalmoveisgyn.com.br\/#\/schema\/logo\/image\/"}}]}},"_links":{"self":[{"href":"https:\/\/tropicalmoveisgyn.com.br\/index.php\/wp-json\/wp\/v2\/product\/476","targetHints":{"allow":["GET"]}}],"collection":[{"href":"https:\/\/tropicalmoveisgyn.com.br\/index.php\/wp-json\/wp\/v2\/product"}],"about":[{"href":"https:\/\/tropicalmoveisgyn.com.br\/index.php\/wp-json\/wp\/v2\/types\/product"}],"replies":[{"embeddable":true,"href":"https:\/\/tropicalmoveisgyn.com.br\/index.php\/wp-json\/wp\/v2\/comments?post=476"}],"wp:featuredmedia":[{"embeddable":true,"href":"https:\/\/tropicalmoveisgyn.com.br\/index.php\/wp-json\/wp\/v2\/media\/1001"}],"wp:attachment":[{"href":"https:\/\/tropicalmoveisgyn.com.br\/index.php\/wp-json\/wp\/v2\/media?parent=476"}],"wp:term":[{"taxonomy":"product_brand","embeddable":true,"href":"https:\/\/tropicalmoveisgyn.com.br\/index.php\/wp-json\/wp\/v2\/product_brand?post=476"},{"taxonomy":"product_cat","embeddable":true,"href":"https:\/\/tropicalmoveisgyn.com.br\/index.php\/wp-json\/wp\/v2\/product_cat?post=476"},{"taxonomy":"product_tag","embeddable":true,"href":"https:\/\/tropicalmoveisgyn.com.br\/index.php\/wp-json\/wp\/v2\/product_tag?post=476"}],"curies":[{"name":"wp","href":"https:\/\/api.w.org\/{rel}","templated":true}]}}