{"id":1075,"date":"2024-02-06T11:04:53","date_gmt":"2024-02-06T14:04:53","guid":{"rendered":"https:\/\/tropicalmoveisgyn.com.br\/?post_type=product&#038;p=1075"},"modified":"2024-02-06T12:45:49","modified_gmt":"2024-02-06T15:45:49","slug":"freezer-horizontal-consul-2-portas-534l-chb53eb-novo-de-outlet-1-ano-de-garantia","status":"publish","type":"product","link":"https:\/\/tropicalmoveisgyn.com.br\/index.php\/product\/freezer-horizontal-consul-2-portas-534l-chb53eb-novo-de-outlet-1-ano-de-garantia\/","title":{"rendered":"Freezer Horizontal Consul 2 portas 534L &#8211; CHB53EB (Novo De Outlet) 1 Ano De Garantia"},"content":{"rendered":"<ol>\n<li>O Freezer Horizontal CHB53 com 534 litros possui controle eletr\u00f4nico, para voc\u00ea programar a temperatura facilmente e escolher entre os modos freezer ou refrigerador. \u00c9 pr\u00e1tico e econ\u00f4mico, pois possui classifica\u00e7\u00e3o energ\u00e9tica A.<\/li>\n<\/ol>\n","protected":false},"excerpt":{"rendered":"<p>O Freezer Horizontal CHB53 com 534 litros possui controle eletr\u00f4nico, para voc\u00ea programar a temperatura facilmente e escolher entre os modos freezer ou refrigerador. \u00c9 pr\u00e1tico e econ\u00f4mico, pois possui classifica\u00e7\u00e3o energ\u00e9tica A.<\/p>\n","protected":false},"featured_media":0,"comment_status":"open","ping_status":"closed","template":"","meta":{"_joinchat":[]},"product_brand":[],"product_cat":[24],"product_tag":[],"class_list":{"0":"post-1075","1":"product","2":"type-product","3":"status-publish","5":"product_cat-freezers","7":"first","8":"instock","9":"shipping-taxable","10":"purchasable","11":"product-type-simple"},"yoast_head":"<!-- This site is optimized with the Yoast SEO plugin v27.3 - https:\/\/yoast.com\/product\/yoast-seo-wordpress\/ -->\n<title>Freezer Horizontal Consul 2 portas 534L - CHB53EB (Novo De Outlet) 1 Ano De Garantia - Tropical Moveis<\/title>\n<meta name=\"robots\" content=\"index, follow, max-snippet:-1, max-image-preview:large, max-video-preview:-1\" \/>\n<link rel=\"canonical\" href=\"https:\/\/tropicalmoveisgyn.com.br\/index.php\/product\/freezer-horizontal-consul-2-portas-534l-chb53eb-novo-de-outlet-1-ano-de-garantia\/\" \/>\n<meta property=\"og:locale\" content=\"pt_BR\" \/>\n<meta property=\"og:type\" content=\"article\" \/>\n<meta property=\"og:title\" content=\"Freezer Horizontal Consul 2 portas 534L - CHB53EB (Novo De Outlet) 1 Ano De Garantia - Tropical Moveis\" \/>\n<meta property=\"og:description\" content=\"O Freezer Horizontal CHB53 com 534 litros possui controle eletr\u00f4nico, para voc\u00ea programar a temperatura facilmente e escolher entre os modos freezer ou refrigerador. \u00c9 pr\u00e1tico e econ\u00f4mico, pois possui classifica\u00e7\u00e3o energ\u00e9tica A.\" \/>\n<meta property=\"og:url\" content=\"https:\/\/tropicalmoveisgyn.com.br\/index.php\/product\/freezer-horizontal-consul-2-portas-534l-chb53eb-novo-de-outlet-1-ano-de-garantia\/\" \/>\n<meta property=\"og:site_name\" content=\"Tropical Moveis\" \/>\n<meta property=\"article:modified_time\" content=\"2024-02-06T15:45:49+00:00\" \/>\n<meta property=\"og:image\" content=\"https:\/\/tropicalmoveisgyn.com.br\/wp-content\/uploads\/2026\/03\/cropped-WhatsApp-Image-2026-03-23-at-17.02.58.jpeg\" \/>\n\t<meta property=\"og:image:width\" content=\"512\" \/>\n\t<meta property=\"og:image:height\" content=\"512\" \/>\n\t<meta property=\"og:image:type\" content=\"image\/jpeg\" \/>\n<meta name=\"twitter:card\" content=\"summary_large_image\" \/>\n<script type=\"application\/ld+json\" class=\"yoast-schema-graph\">{\"@context\":\"https:\\\/\\\/schema.org\",\"@graph\":[{\"@type\":\"WebPage\",\"@id\":\"https:\\\/\\\/tropicalmoveisgyn.com.br\\\/index.php\\\/product\\\/freezer-horizontal-consul-2-portas-534l-chb53eb-novo-de-outlet-1-ano-de-garantia\\\/\",\"url\":\"https:\\\/\\\/tropicalmoveisgyn.com.br\\\/index.php\\\/product\\\/freezer-horizontal-consul-2-portas-534l-chb53eb-novo-de-outlet-1-ano-de-garantia\\\/\",\"name\":\"Freezer Horizontal Consul 2 portas 534L - CHB53EB (Novo De Outlet) 1 Ano De Garantia - Tropical Moveis\",\"isPartOf\":{\"@id\":\"https:\\\/\\\/tropicalmoveisgyn.com.br\\\/#website\"},\"datePublished\":\"2024-02-06T14:04:53+00:00\",\"dateModified\":\"2024-02-06T15:45:49+00:00\",\"breadcrumb\":{\"@id\":\"https:\\\/\\\/tropicalmoveisgyn.com.br\\\/index.php\\\/product\\\/freezer-horizontal-consul-2-portas-534l-chb53eb-novo-de-outlet-1-ano-de-garantia\\\/#breadcrumb\"},\"inLanguage\":\"pt-BR\",\"potentialAction\":[{\"@type\":\"ReadAction\",\"target\":[\"https:\\\/\\\/tropicalmoveisgyn.com.br\\\/index.php\\\/product\\\/freezer-horizontal-consul-2-portas-534l-chb53eb-novo-de-outlet-1-ano-de-garantia\\\/\"]}]},{\"@type\":\"BreadcrumbList\",\"@id\":\"https:\\\/\\\/tropicalmoveisgyn.com.br\\\/index.php\\\/product\\\/freezer-horizontal-consul-2-portas-534l-chb53eb-novo-de-outlet-1-ano-de-garantia\\\/#breadcrumb\",\"itemListElement\":[{\"@type\":\"ListItem\",\"position\":1,\"name\":\"In\u00edcio\",\"item\":\"https:\\\/\\\/tropicalmoveisgyn.com.br\\\/\"},{\"@type\":\"ListItem\",\"position\":2,\"name\":\"Shop\",\"item\":\"https:\\\/\\\/tropicalmoveisgyn.com.br\\\/index.php\\\/shop\\\/\"},{\"@type\":\"ListItem\",\"position\":3,\"name\":\"Freezer Horizontal Consul 2 portas 534L &#8211; CHB53EB (Novo De Outlet) 1 Ano De Garantia\"}]},{\"@type\":\"WebSite\",\"@id\":\"https:\\\/\\\/tropicalmoveisgyn.com.br\\\/#website\",\"url\":\"https:\\\/\\\/tropicalmoveisgyn.com.br\\\/\",\"name\":\"Tropical Moveis\",\"description\":\"\",\"publisher\":{\"@id\":\"https:\\\/\\\/tropicalmoveisgyn.com.br\\\/#organization\"},\"potentialAction\":[{\"@type\":\"SearchAction\",\"target\":{\"@type\":\"EntryPoint\",\"urlTemplate\":\"https:\\\/\\\/tropicalmoveisgyn.com.br\\\/?s={search_term_string}\"},\"query-input\":{\"@type\":\"PropertyValueSpecification\",\"valueRequired\":true,\"valueName\":\"search_term_string\"}}],\"inLanguage\":\"pt-BR\"},{\"@type\":\"Organization\",\"@id\":\"https:\\\/\\\/tropicalmoveisgyn.com.br\\\/#organization\",\"name\":\"Tropical Moveis\",\"url\":\"https:\\\/\\\/tropicalmoveisgyn.com.br\\\/\",\"logo\":{\"@type\":\"ImageObject\",\"inLanguage\":\"pt-BR\",\"@id\":\"https:\\\/\\\/tropicalmoveisgyn.com.br\\\/#\\\/schema\\\/logo\\\/image\\\/\",\"url\":\"http:\\\/\\\/tropicalmoveisgyn.com.br\\\/wp-content\\\/uploads\\\/2026\\\/03\\\/cropped-WhatsApp-Image-2026-03-23-at-17.02.58.jpeg\",\"contentUrl\":\"http:\\\/\\\/tropicalmoveisgyn.com.br\\\/wp-content\\\/uploads\\\/2026\\\/03\\\/cropped-WhatsApp-Image-2026-03-23-at-17.02.58.jpeg\",\"width\":512,\"height\":512,\"caption\":\"Tropical Moveis\"},\"image\":{\"@id\":\"https:\\\/\\\/tropicalmoveisgyn.com.br\\\/#\\\/schema\\\/logo\\\/image\\\/\"}}]}<\/script>\n<!-- \/ Yoast SEO plugin. -->","yoast_head_json":{"title":"Freezer Horizontal Consul 2 portas 534L - CHB53EB (Novo De Outlet) 1 Ano De Garantia - Tropical Moveis","robots":{"index":"index","follow":"follow","max-snippet":"max-snippet:-1","max-image-preview":"max-image-preview:large","max-video-preview":"max-video-preview:-1"},"canonical":"https:\/\/tropicalmoveisgyn.com.br\/index.php\/product\/freezer-horizontal-consul-2-portas-534l-chb53eb-novo-de-outlet-1-ano-de-garantia\/","og_locale":"pt_BR","og_type":"article","og_title":"Freezer Horizontal Consul 2 portas 534L - CHB53EB (Novo De Outlet) 1 Ano De Garantia - Tropical Moveis","og_description":"O Freezer Horizontal CHB53 com 534 litros possui controle eletr\u00f4nico, para voc\u00ea programar a temperatura facilmente e escolher entre os modos freezer ou refrigerador. \u00c9 pr\u00e1tico e econ\u00f4mico, pois possui classifica\u00e7\u00e3o energ\u00e9tica A.","og_url":"https:\/\/tropicalmoveisgyn.com.br\/index.php\/product\/freezer-horizontal-consul-2-portas-534l-chb53eb-novo-de-outlet-1-ano-de-garantia\/","og_site_name":"Tropical Moveis","article_modified_time":"2024-02-06T15:45:49+00:00","og_image":[{"width":512,"height":512,"url":"https:\/\/tropicalmoveisgyn.com.br\/wp-content\/uploads\/2026\/03\/cropped-WhatsApp-Image-2026-03-23-at-17.02.58.jpeg","type":"image\/jpeg"}],"twitter_card":"summary_large_image","schema":{"@context":"https:\/\/schema.org","@graph":[{"@type":"WebPage","@id":"https:\/\/tropicalmoveisgyn.com.br\/index.php\/product\/freezer-horizontal-consul-2-portas-534l-chb53eb-novo-de-outlet-1-ano-de-garantia\/","url":"https:\/\/tropicalmoveisgyn.com.br\/index.php\/product\/freezer-horizontal-consul-2-portas-534l-chb53eb-novo-de-outlet-1-ano-de-garantia\/","name":"Freezer Horizontal Consul 2 portas 534L - CHB53EB (Novo De Outlet) 1 Ano De Garantia - Tropical Moveis","isPartOf":{"@id":"https:\/\/tropicalmoveisgyn.com.br\/#website"},"datePublished":"2024-02-06T14:04:53+00:00","dateModified":"2024-02-06T15:45:49+00:00","breadcrumb":{"@id":"https:\/\/tropicalmoveisgyn.com.br\/index.php\/product\/freezer-horizontal-consul-2-portas-534l-chb53eb-novo-de-outlet-1-ano-de-garantia\/#breadcrumb"},"inLanguage":"pt-BR","potentialAction":[{"@type":"ReadAction","target":["https:\/\/tropicalmoveisgyn.com.br\/index.php\/product\/freezer-horizontal-consul-2-portas-534l-chb53eb-novo-de-outlet-1-ano-de-garantia\/"]}]},{"@type":"BreadcrumbList","@id":"https:\/\/tropicalmoveisgyn.com.br\/index.php\/product\/freezer-horizontal-consul-2-portas-534l-chb53eb-novo-de-outlet-1-ano-de-garantia\/#breadcrumb","itemListElement":[{"@type":"ListItem","position":1,"name":"In\u00edcio","item":"https:\/\/tropicalmoveisgyn.com.br\/"},{"@type":"ListItem","position":2,"name":"Shop","item":"https:\/\/tropicalmoveisgyn.com.br\/index.php\/shop\/"},{"@type":"ListItem","position":3,"name":"Freezer Horizontal Consul 2 portas 534L &#8211; CHB53EB (Novo De Outlet) 1 Ano De Garantia"}]},{"@type":"WebSite","@id":"https:\/\/tropicalmoveisgyn.com.br\/#website","url":"https:\/\/tropicalmoveisgyn.com.br\/","name":"Tropical Moveis","description":"","publisher":{"@id":"https:\/\/tropicalmoveisgyn.com.br\/#organization"},"potentialAction":[{"@type":"SearchAction","target":{"@type":"EntryPoint","urlTemplate":"https:\/\/tropicalmoveisgyn.com.br\/?s={search_term_string}"},"query-input":{"@type":"PropertyValueSpecification","valueRequired":true,"valueName":"search_term_string"}}],"inLanguage":"pt-BR"},{"@type":"Organization","@id":"https:\/\/tropicalmoveisgyn.com.br\/#organization","name":"Tropical Moveis","url":"https:\/\/tropicalmoveisgyn.com.br\/","logo":{"@type":"ImageObject","inLanguage":"pt-BR","@id":"https:\/\/tropicalmoveisgyn.com.br\/#\/schema\/logo\/image\/","url":"http:\/\/tropicalmoveisgyn.com.br\/wp-content\/uploads\/2026\/03\/cropped-WhatsApp-Image-2026-03-23-at-17.02.58.jpeg","contentUrl":"http:\/\/tropicalmoveisgyn.com.br\/wp-content\/uploads\/2026\/03\/cropped-WhatsApp-Image-2026-03-23-at-17.02.58.jpeg","width":512,"height":512,"caption":"Tropical Moveis"},"image":{"@id":"https:\/\/tropicalmoveisgyn.com.br\/#\/schema\/logo\/image\/"}}]}},"_links":{"self":[{"href":"https:\/\/tropicalmoveisgyn.com.br\/index.php\/wp-json\/wp\/v2\/product\/1075","targetHints":{"allow":["GET"]}}],"collection":[{"href":"https:\/\/tropicalmoveisgyn.com.br\/index.php\/wp-json\/wp\/v2\/product"}],"about":[{"href":"https:\/\/tropicalmoveisgyn.com.br\/index.php\/wp-json\/wp\/v2\/types\/product"}],"replies":[{"embeddable":true,"href":"https:\/\/tropicalmoveisgyn.com.br\/index.php\/wp-json\/wp\/v2\/comments?post=1075"}],"wp:attachment":[{"href":"https:\/\/tropicalmoveisgyn.com.br\/index.php\/wp-json\/wp\/v2\/media?parent=1075"}],"wp:term":[{"taxonomy":"product_brand","embeddable":true,"href":"https:\/\/tropicalmoveisgyn.com.br\/index.php\/wp-json\/wp\/v2\/product_brand?post=1075"},{"taxonomy":"product_cat","embeddable":true,"href":"https:\/\/tropicalmoveisgyn.com.br\/index.php\/wp-json\/wp\/v2\/product_cat?post=1075"},{"taxonomy":"product_tag","embeddable":true,"href":"https:\/\/tropicalmoveisgyn.com.br\/index.php\/wp-json\/wp\/v2\/product_tag?post=1075"}],"curies":[{"name":"wp","href":"https:\/\/api.w.org\/{rel}","templated":true}]}}