{"id":1067,"date":"2024-02-06T10:55:58","date_gmt":"2024-02-06T13:55:58","guid":{"rendered":"https:\/\/tropicalmoveisgyn.com.br\/?post_type=product&#038;p=1067"},"modified":"2024-02-06T10:56:30","modified_gmt":"2024-02-06T13:56:30","slug":"conservador-horizontal-esmaltec-ech500","status":"publish","type":"product","link":"https:\/\/tropicalmoveisgyn.com.br\/index.php\/product\/conservador-horizontal-esmaltec-ech500\/","title":{"rendered":"Conservador Horizontal Esmaltec ECH500 ( Novo De Outlet ) 1 Ano De Garantia"},"content":{"rendered":"<p><span class=\"sc-kpDqfm qhIEo\" data-testid=\"product-detail-title\">Conservador Horizontal Esmaltec ECH500<\/span><\/p>\n<div class=\"sc-fqkvVR heuZyN sc-bSoiow LXlSr\" data-testid=\"product-detail-description\">\n<div class=\"sc-fqkvVR hlqElk sc-lkuliq hXkAMZ\" data-testid=\"rich-content-container\">Se voc\u00ea precisa deixar suas bebidas sempre na temperatura ideal com certeza voc\u00ea precisa conhecer o Conservador Horizontal ECH500 da Esmaltec. Ideal para voc\u00ea que busca versatilidade e melhor desempenho. Ele \u00e9 horizontal que al\u00e9m de ser mais f\u00e1cil de limpar, significa que voc\u00ea pode guardar produtos que muitas vezes, n\u00e3o cabem no congelador. Com degelo Cycle DeFrost. Conta com duas portas e tem capacidade l\u00edquida de 437 litros. Isso sem contar nos cantos arredondados.<\/div>\n<\/div>\n","protected":false},"excerpt":{"rendered":"<p>Conservador Horizontal Esmaltec ECH500 Se voc\u00ea precisa deixar suas bebidas sempre na temperatura ideal com certeza voc\u00ea precisa conhecer o Conservador Horizontal ECH500 da Esmaltec. Ideal para voc\u00ea que busca versatilidade e melhor desempenho. Ele \u00e9 horizontal que al\u00e9m de ser mais f\u00e1cil de limpar, significa que voc\u00ea pode guardar produtos que muitas vezes, n\u00e3o [&hellip;]<\/p>\n","protected":false},"featured_media":1069,"comment_status":"open","ping_status":"closed","template":"","meta":{"_joinchat":[]},"product_brand":[],"product_cat":[24],"product_tag":[],"class_list":{"0":"post-1067","1":"product","2":"type-product","3":"status-publish","4":"has-post-thumbnail","6":"product_cat-freezers","8":"first","9":"instock","10":"shipping-taxable","11":"purchasable","12":"product-type-simple"},"yoast_head":"<!-- This site is optimized with the Yoast SEO plugin v27.3 - https:\/\/yoast.com\/product\/yoast-seo-wordpress\/ -->\n<title>Conservador Horizontal Esmaltec ECH500 ( Novo De Outlet ) 1 Ano De Garantia - Tropical Moveis<\/title>\n<meta name=\"robots\" content=\"index, follow, max-snippet:-1, max-image-preview:large, max-video-preview:-1\" \/>\n<link rel=\"canonical\" href=\"https:\/\/tropicalmoveisgyn.com.br\/index.php\/product\/conservador-horizontal-esmaltec-ech500\/\" \/>\n<meta property=\"og:locale\" content=\"pt_BR\" \/>\n<meta property=\"og:type\" content=\"article\" \/>\n<meta property=\"og:title\" content=\"Conservador Horizontal Esmaltec ECH500 ( Novo De Outlet ) 1 Ano De Garantia - Tropical Moveis\" \/>\n<meta property=\"og:description\" content=\"Conservador Horizontal Esmaltec ECH500 Se voc\u00ea precisa deixar suas bebidas sempre na temperatura ideal com certeza voc\u00ea precisa conhecer o Conservador Horizontal ECH500 da Esmaltec. Ideal para voc\u00ea que busca versatilidade e melhor desempenho. Ele \u00e9 horizontal que al\u00e9m de ser mais f\u00e1cil de limpar, significa que voc\u00ea pode guardar produtos que muitas vezes, n\u00e3o [&hellip;]\" \/>\n<meta property=\"og:url\" content=\"https:\/\/tropicalmoveisgyn.com.br\/index.php\/product\/conservador-horizontal-esmaltec-ech500\/\" \/>\n<meta property=\"og:site_name\" content=\"Tropical Moveis\" \/>\n<meta property=\"article:modified_time\" content=\"2024-02-06T13:56:30+00:00\" \/>\n<meta property=\"og:image\" content=\"https:\/\/tropicalmoveisgyn.com.br\/wp-content\/uploads\/2024\/02\/IMG_4228-scaled.jpeg\" \/>\n\t<meta property=\"og:image:width\" content=\"1920\" \/>\n\t<meta property=\"og:image:height\" content=\"2560\" \/>\n\t<meta property=\"og:image:type\" content=\"image\/jpeg\" \/>\n<meta name=\"twitter:card\" content=\"summary_large_image\" \/>\n<script type=\"application\/ld+json\" class=\"yoast-schema-graph\">{\"@context\":\"https:\\\/\\\/schema.org\",\"@graph\":[{\"@type\":\"WebPage\",\"@id\":\"https:\\\/\\\/tropicalmoveisgyn.com.br\\\/index.php\\\/product\\\/conservador-horizontal-esmaltec-ech500\\\/\",\"url\":\"https:\\\/\\\/tropicalmoveisgyn.com.br\\\/index.php\\\/product\\\/conservador-horizontal-esmaltec-ech500\\\/\",\"name\":\"Conservador Horizontal Esmaltec ECH500 ( Novo De Outlet ) 1 Ano De Garantia - Tropical Moveis\",\"isPartOf\":{\"@id\":\"https:\\\/\\\/tropicalmoveisgyn.com.br\\\/#website\"},\"primaryImageOfPage\":{\"@id\":\"https:\\\/\\\/tropicalmoveisgyn.com.br\\\/index.php\\\/product\\\/conservador-horizontal-esmaltec-ech500\\\/#primaryimage\"},\"image\":{\"@id\":\"https:\\\/\\\/tropicalmoveisgyn.com.br\\\/index.php\\\/product\\\/conservador-horizontal-esmaltec-ech500\\\/#primaryimage\"},\"thumbnailUrl\":\"https:\\\/\\\/tropicalmoveisgyn.com.br\\\/wp-content\\\/uploads\\\/2024\\\/02\\\/IMG_4228-scaled.jpeg\",\"datePublished\":\"2024-02-06T13:55:58+00:00\",\"dateModified\":\"2024-02-06T13:56:30+00:00\",\"breadcrumb\":{\"@id\":\"https:\\\/\\\/tropicalmoveisgyn.com.br\\\/index.php\\\/product\\\/conservador-horizontal-esmaltec-ech500\\\/#breadcrumb\"},\"inLanguage\":\"pt-BR\",\"potentialAction\":[{\"@type\":\"ReadAction\",\"target\":[\"https:\\\/\\\/tropicalmoveisgyn.com.br\\\/index.php\\\/product\\\/conservador-horizontal-esmaltec-ech500\\\/\"]}]},{\"@type\":\"ImageObject\",\"inLanguage\":\"pt-BR\",\"@id\":\"https:\\\/\\\/tropicalmoveisgyn.com.br\\\/index.php\\\/product\\\/conservador-horizontal-esmaltec-ech500\\\/#primaryimage\",\"url\":\"https:\\\/\\\/tropicalmoveisgyn.com.br\\\/wp-content\\\/uploads\\\/2024\\\/02\\\/IMG_4228-scaled.jpeg\",\"contentUrl\":\"https:\\\/\\\/tropicalmoveisgyn.com.br\\\/wp-content\\\/uploads\\\/2024\\\/02\\\/IMG_4228-scaled.jpeg\",\"width\":1920,\"height\":2560},{\"@type\":\"BreadcrumbList\",\"@id\":\"https:\\\/\\\/tropicalmoveisgyn.com.br\\\/index.php\\\/product\\\/conservador-horizontal-esmaltec-ech500\\\/#breadcrumb\",\"itemListElement\":[{\"@type\":\"ListItem\",\"position\":1,\"name\":\"In\u00edcio\",\"item\":\"https:\\\/\\\/tropicalmoveisgyn.com.br\\\/\"},{\"@type\":\"ListItem\",\"position\":2,\"name\":\"Shop\",\"item\":\"https:\\\/\\\/tropicalmoveisgyn.com.br\\\/index.php\\\/shop\\\/\"},{\"@type\":\"ListItem\",\"position\":3,\"name\":\"Conservador Horizontal Esmaltec ECH500 ( Novo De Outlet ) 1 Ano De Garantia\"}]},{\"@type\":\"WebSite\",\"@id\":\"https:\\\/\\\/tropicalmoveisgyn.com.br\\\/#website\",\"url\":\"https:\\\/\\\/tropicalmoveisgyn.com.br\\\/\",\"name\":\"Tropical Moveis\",\"description\":\"\",\"publisher\":{\"@id\":\"https:\\\/\\\/tropicalmoveisgyn.com.br\\\/#organization\"},\"potentialAction\":[{\"@type\":\"SearchAction\",\"target\":{\"@type\":\"EntryPoint\",\"urlTemplate\":\"https:\\\/\\\/tropicalmoveisgyn.com.br\\\/?s={search_term_string}\"},\"query-input\":{\"@type\":\"PropertyValueSpecification\",\"valueRequired\":true,\"valueName\":\"search_term_string\"}}],\"inLanguage\":\"pt-BR\"},{\"@type\":\"Organization\",\"@id\":\"https:\\\/\\\/tropicalmoveisgyn.com.br\\\/#organization\",\"name\":\"Tropical Moveis\",\"url\":\"https:\\\/\\\/tropicalmoveisgyn.com.br\\\/\",\"logo\":{\"@type\":\"ImageObject\",\"inLanguage\":\"pt-BR\",\"@id\":\"https:\\\/\\\/tropicalmoveisgyn.com.br\\\/#\\\/schema\\\/logo\\\/image\\\/\",\"url\":\"http:\\\/\\\/tropicalmoveisgyn.com.br\\\/wp-content\\\/uploads\\\/2026\\\/03\\\/cropped-WhatsApp-Image-2026-03-23-at-17.02.58.jpeg\",\"contentUrl\":\"http:\\\/\\\/tropicalmoveisgyn.com.br\\\/wp-content\\\/uploads\\\/2026\\\/03\\\/cropped-WhatsApp-Image-2026-03-23-at-17.02.58.jpeg\",\"width\":512,\"height\":512,\"caption\":\"Tropical Moveis\"},\"image\":{\"@id\":\"https:\\\/\\\/tropicalmoveisgyn.com.br\\\/#\\\/schema\\\/logo\\\/image\\\/\"}}]}<\/script>\n<!-- \/ Yoast SEO plugin. -->","yoast_head_json":{"title":"Conservador Horizontal Esmaltec ECH500 ( Novo De Outlet ) 1 Ano De Garantia - Tropical Moveis","robots":{"index":"index","follow":"follow","max-snippet":"max-snippet:-1","max-image-preview":"max-image-preview:large","max-video-preview":"max-video-preview:-1"},"canonical":"https:\/\/tropicalmoveisgyn.com.br\/index.php\/product\/conservador-horizontal-esmaltec-ech500\/","og_locale":"pt_BR","og_type":"article","og_title":"Conservador Horizontal Esmaltec ECH500 ( Novo De Outlet ) 1 Ano De Garantia - Tropical Moveis","og_description":"Conservador Horizontal Esmaltec ECH500 Se voc\u00ea precisa deixar suas bebidas sempre na temperatura ideal com certeza voc\u00ea precisa conhecer o Conservador Horizontal ECH500 da Esmaltec. Ideal para voc\u00ea que busca versatilidade e melhor desempenho. Ele \u00e9 horizontal que al\u00e9m de ser mais f\u00e1cil de limpar, significa que voc\u00ea pode guardar produtos que muitas vezes, n\u00e3o [&hellip;]","og_url":"https:\/\/tropicalmoveisgyn.com.br\/index.php\/product\/conservador-horizontal-esmaltec-ech500\/","og_site_name":"Tropical Moveis","article_modified_time":"2024-02-06T13:56:30+00:00","og_image":[{"width":1920,"height":2560,"url":"https:\/\/tropicalmoveisgyn.com.br\/wp-content\/uploads\/2024\/02\/IMG_4228-scaled.jpeg","type":"image\/jpeg"}],"twitter_card":"summary_large_image","schema":{"@context":"https:\/\/schema.org","@graph":[{"@type":"WebPage","@id":"https:\/\/tropicalmoveisgyn.com.br\/index.php\/product\/conservador-horizontal-esmaltec-ech500\/","url":"https:\/\/tropicalmoveisgyn.com.br\/index.php\/product\/conservador-horizontal-esmaltec-ech500\/","name":"Conservador Horizontal Esmaltec ECH500 ( Novo De Outlet ) 1 Ano De Garantia - Tropical Moveis","isPartOf":{"@id":"https:\/\/tropicalmoveisgyn.com.br\/#website"},"primaryImageOfPage":{"@id":"https:\/\/tropicalmoveisgyn.com.br\/index.php\/product\/conservador-horizontal-esmaltec-ech500\/#primaryimage"},"image":{"@id":"https:\/\/tropicalmoveisgyn.com.br\/index.php\/product\/conservador-horizontal-esmaltec-ech500\/#primaryimage"},"thumbnailUrl":"https:\/\/tropicalmoveisgyn.com.br\/wp-content\/uploads\/2024\/02\/IMG_4228-scaled.jpeg","datePublished":"2024-02-06T13:55:58+00:00","dateModified":"2024-02-06T13:56:30+00:00","breadcrumb":{"@id":"https:\/\/tropicalmoveisgyn.com.br\/index.php\/product\/conservador-horizontal-esmaltec-ech500\/#breadcrumb"},"inLanguage":"pt-BR","potentialAction":[{"@type":"ReadAction","target":["https:\/\/tropicalmoveisgyn.com.br\/index.php\/product\/conservador-horizontal-esmaltec-ech500\/"]}]},{"@type":"ImageObject","inLanguage":"pt-BR","@id":"https:\/\/tropicalmoveisgyn.com.br\/index.php\/product\/conservador-horizontal-esmaltec-ech500\/#primaryimage","url":"https:\/\/tropicalmoveisgyn.com.br\/wp-content\/uploads\/2024\/02\/IMG_4228-scaled.jpeg","contentUrl":"https:\/\/tropicalmoveisgyn.com.br\/wp-content\/uploads\/2024\/02\/IMG_4228-scaled.jpeg","width":1920,"height":2560},{"@type":"BreadcrumbList","@id":"https:\/\/tropicalmoveisgyn.com.br\/index.php\/product\/conservador-horizontal-esmaltec-ech500\/#breadcrumb","itemListElement":[{"@type":"ListItem","position":1,"name":"In\u00edcio","item":"https:\/\/tropicalmoveisgyn.com.br\/"},{"@type":"ListItem","position":2,"name":"Shop","item":"https:\/\/tropicalmoveisgyn.com.br\/index.php\/shop\/"},{"@type":"ListItem","position":3,"name":"Conservador Horizontal Esmaltec ECH500 ( Novo De Outlet ) 1 Ano De Garantia"}]},{"@type":"WebSite","@id":"https:\/\/tropicalmoveisgyn.com.br\/#website","url":"https:\/\/tropicalmoveisgyn.com.br\/","name":"Tropical Moveis","description":"","publisher":{"@id":"https:\/\/tropicalmoveisgyn.com.br\/#organization"},"potentialAction":[{"@type":"SearchAction","target":{"@type":"EntryPoint","urlTemplate":"https:\/\/tropicalmoveisgyn.com.br\/?s={search_term_string}"},"query-input":{"@type":"PropertyValueSpecification","valueRequired":true,"valueName":"search_term_string"}}],"inLanguage":"pt-BR"},{"@type":"Organization","@id":"https:\/\/tropicalmoveisgyn.com.br\/#organization","name":"Tropical Moveis","url":"https:\/\/tropicalmoveisgyn.com.br\/","logo":{"@type":"ImageObject","inLanguage":"pt-BR","@id":"https:\/\/tropicalmoveisgyn.com.br\/#\/schema\/logo\/image\/","url":"http:\/\/tropicalmoveisgyn.com.br\/wp-content\/uploads\/2026\/03\/cropped-WhatsApp-Image-2026-03-23-at-17.02.58.jpeg","contentUrl":"http:\/\/tropicalmoveisgyn.com.br\/wp-content\/uploads\/2026\/03\/cropped-WhatsApp-Image-2026-03-23-at-17.02.58.jpeg","width":512,"height":512,"caption":"Tropical Moveis"},"image":{"@id":"https:\/\/tropicalmoveisgyn.com.br\/#\/schema\/logo\/image\/"}}]}},"_links":{"self":[{"href":"https:\/\/tropicalmoveisgyn.com.br\/index.php\/wp-json\/wp\/v2\/product\/1067","targetHints":{"allow":["GET"]}}],"collection":[{"href":"https:\/\/tropicalmoveisgyn.com.br\/index.php\/wp-json\/wp\/v2\/product"}],"about":[{"href":"https:\/\/tropicalmoveisgyn.com.br\/index.php\/wp-json\/wp\/v2\/types\/product"}],"replies":[{"embeddable":true,"href":"https:\/\/tropicalmoveisgyn.com.br\/index.php\/wp-json\/wp\/v2\/comments?post=1067"}],"wp:featuredmedia":[{"embeddable":true,"href":"https:\/\/tropicalmoveisgyn.com.br\/index.php\/wp-json\/wp\/v2\/media\/1069"}],"wp:attachment":[{"href":"https:\/\/tropicalmoveisgyn.com.br\/index.php\/wp-json\/wp\/v2\/media?parent=1067"}],"wp:term":[{"taxonomy":"product_brand","embeddable":true,"href":"https:\/\/tropicalmoveisgyn.com.br\/index.php\/wp-json\/wp\/v2\/product_brand?post=1067"},{"taxonomy":"product_cat","embeddable":true,"href":"https:\/\/tropicalmoveisgyn.com.br\/index.php\/wp-json\/wp\/v2\/product_cat?post=1067"},{"taxonomy":"product_tag","embeddable":true,"href":"https:\/\/tropicalmoveisgyn.com.br\/index.php\/wp-json\/wp\/v2\/product_tag?post=1067"}],"curies":[{"name":"wp","href":"https:\/\/api.w.org\/{rel}","templated":true}]}}